{"id":511,"date":"2025-07-03T17:40:14","date_gmt":"2025-07-03T15:40:14","guid":{"rendered":"https:\/\/moulinasons.fr\/?page_id=511"},"modified":"2025-09-16T16:54:10","modified_gmt":"2025-09-16T14:54:10","slug":"eleves","status":"publish","type":"page","link":"https:\/\/moulinasons.fr\/index.php\/eleves\/","title":{"rendered":"\u00c9l\u00e8ves"},"content":{"rendered":"<div class=\"\" style=\"\" >\n    \n    <section class=\"u-clearfix u-image u-section-2\" id=\"sec-730e\" style=\"background-image: url(&quot;https:\/\/moulinasons.fr\/wp-content\/uploads\/2025\/07\/ww-1.jpg&quot;);\">\n      <div class=\"u-clearfix u-sheet u-valign-middle-lg u-valign-middle-md u-valign-middle-sm u-valign-middle-xs u-sheet-1\">\n        <div class=\"data-layout-selected u-clearfix u-expanded-width u-layout-wrap u-layout-wrap-1\">\n          <div class=\"u-layout\">\n            <div class=\"u-layout-row\">\n              <div class=\"u-container-style u-layout-cell u-left-cell u-size-28 u-layout-cell-1\">\n                <div class=\"u-container-layout u-valign-top u-container-layout-1\">\n                  <img decoding=\"async\" class=\"custom-expanded u-image u-image-1\" src=\"https:\/\/moulinasons.fr\/wp-content\/uploads\/2025\/07\/LOGO-MAS-vertical-couleur01-1024x2048-2.jpg\" data-image-width=\"1024\" data-image-height=\"2048\">\n                <\/div>\n              <\/div>\n              <div class=\"u-align-left u-container-align-left u-container-style u-layout-cell u-right-cell u-size-32 u-layout-cell-2\">\n                <div class=\"u-container-layout u-container-layout-2\">\n                  <h1 class=\"u-custom-font u-font-roboto-condensed u-text u-text-palette-4-base u-text-1\">Les ressources pour les \u00e9l\u00e8ves<\/h1>\n                  <p class=\"u-text u-text-2\">Cliquez sur le nom de votre cours ou de votre atelier pour acc\u00e9der aux ressources en ligne.<\/p>\n                  <p class=\"u-text u-text-black u-text-default u-text-3\">\n                    <br>\n                    <a href=\"https:\/\/www.freepik.com\/free-photos-vectors\/music\" class=\"u-border-1 u-border-grey-75 u-border-no-left u-border-no-right u-border-no-top u-btn u-button-style u-none u-text-body-color u-btn-1\">&nbsp;&nbsp;<\/a>\n                  <\/p>\n                <\/div>\n              <\/div>\n            <\/div>\n          <\/div>\n        <\/div>\n      <\/div>\n    <\/section>\n    <section class=\"u-clearfix u-palette-3-base u-section-3\" id=\"block-2\">\n      <div class=\"u-clearfix u-sheet u-valign-middle-xl u-valign-top-lg u-valign-top-md u-valign-top-sm u-valign-top-xs u-sheet-1\">\n        <div class=\"data-layout-selected u-clearfix u-expanded-width u-layout-wrap u-layout-wrap-1\">\n          <div class=\"u-layout\">\n            <div class=\"u-layout-row\">\n              <div class=\"u-container-style u-image u-layout-cell u-size-30 u-image-1\" data-image-width=\"1780\" data-image-height=\"1058\" data-href=\"https:\/\/profsmoulinasons.netboard.me\/buzzbuzzblues\/?link=jdDP1iYZ-ExKF8bK7-FKtVd6ng\" style=\"background-image: url(&quot;https:\/\/moulinasons.fr\/wp-content\/uploads\/2025\/07\/buzzbuzz-1140678.png&quot;);\">\n                <div class=\"u-container-layout u-container-layout-1\">\n                  <a href=\"https:\/\/profsmoulinasons.netboard.me\/buzzbuzzblues\/?link=jdDP1iYZ-ExKF8bK7-FKtVd6ng\" class=\"u-btn u-button-style u-custom-font u-font-lobster u-text-active-palette-4-light-3 u-text-hover-palette-3-base u-text-palette-4-base u-btn-1\" target=\"_blank\">Buzz Buzz Blues<\/a>\n                <\/div>\n              <\/div>\n              <div class=\"u-container-style u-image u-layout-cell u-size-30 u-image-2\" data-image-width=\"1140\" data-image-height=\"678\" data-href=\"https:\/\/profsmoulinasons.netboard.me\/compagnieerrant\/?link=qLG3M2cF-UteJ6VK0-3bbWZjNM\" style=\"background-image: url(&quot;https:\/\/moulinasons.fr\/wp-content\/uploads\/2025\/07\/crs_clair_1140x678.jpg&quot;);\">\n                <div class=\"u-container-layout u-container-layout-2\">\n                  <a href=\"https:\/\/profsmoulinasons.netboard.me\/compagnieerrant\/?link=qLG3M2cF-UteJ6VK0-3bbWZjNM\" class=\"u-btn u-button-style u-custom-font u-font-oswald u-text-active-palette-1-light-2 u-text-hover-palette-3-base u-text-palette-4-base u-btn-2\" target=\"_blank\"><span style=\"font-size: 1.5625rem;\">La Compagnie errante des sonneurs<\/span>\n                  <\/a>\n                <\/div>\n              <\/div>\n            <\/div>\n          <\/div>\n        <\/div>\n      <\/div>\n    <\/section>\n    <section class=\"u-clearfix u-palette-4-base u-section-4\" id=\"sec-f54f\">\n      <div class=\"u-clearfix u-sheet u-valign-middle-xl u-valign-top-lg u-valign-top-md u-valign-top-sm u-valign-top-xs u-sheet-1\">\n        <div class=\"data-layout-selected u-clearfix u-expanded-width u-layout-wrap u-layout-wrap-1\">\n          <div class=\"u-layout\">\n            <div class=\"u-layout-row\">\n              <div class=\"u-container-style u-image u-layout-cell u-shape-rectangle u-size-30 u-image-1\" data-image-width=\"1140\" data-image-height=\"678\" data-href=\"https:\/\/profsmoulinasons.netboard.me\/second_line\/?link=wDn4yX2a-cs0bit1z-4llIv1bB\" style=\"background-image: url(&quot;https:\/\/moulinasons.fr\/wp-content\/uploads\/2025\/07\/19-1140x678-1.jpg&quot;);\">\n                <div class=\"u-container-layout u-valign-bottom-lg u-valign-bottom-md u-valign-bottom-sm u-valign-bottom-xs u-container-layout-1\">\n                  <a href=\"https:\/\/profsmoulinasons.netboard.me\/second_line\/?link=wDn4yX2a-cs0bit1z-4llIv1bB\" class=\"u-btn u-button-style u-custom-font u-text-active-palette-4-light-3 u-text-hover-palette-4-base u-text-palette-3-base u-btn-1\" target=\"_blank\">SECOND<br>LI<span style=\"font-size: 1.5625rem;\"><\/span>NE \n                  <\/a>\n                <\/div>\n              <\/div>\n              <div class=\"u-container-style u-image u-layout-cell u-size-30 u-image-2\" data-image-width=\"1140\" data-image-height=\"678\" style=\"background-image: url(&quot;https:\/\/moulinasons.fr\/wp-content\/uploads\/2025\/07\/wah_cincinatti_orig-1.jpg&quot;);\">\n                <div class=\"u-container-layout u-valign-top-lg u-valign-top-md u-valign-top-sm u-valign-top-xs u-container-layout-2\">\n                  <a href=\"https:\/\/profsmoulinasons.netboard.me\/washboard\/?link=s73qrKyG-ncvWaBJZ-fntfWDcs\" class=\"u-btn u-button-style u-custom-font u-font-oswald u-text-active-palette-1-light-2 u-text-hover-palette-3-base u-text-palette-4-base u-btn-2\" target=\"_blank\"><span style=\"font-size: 3rem;\">Washboard<\/span>\n                  <\/a>\n                <\/div>\n              <\/div>\n            <\/div>\n          <\/div>\n        <\/div>\n      <\/div>\n    <\/section>\n    <section class=\"u-clearfix u-palette-3-base u-section-5\" id=\"sec-52d8\">\n      <div class=\"u-clearfix u-sheet u-valign-middle-xl u-valign-top-lg u-valign-top-md u-valign-top-sm u-valign-top-xs u-sheet-1\">\n        <div class=\"data-layout-selected u-clearfix u-expanded-width u-layout-wrap u-layout-wrap-1\">\n          <div class=\"u-layout\">\n            <div class=\"u-layout-row\">\n              <div class=\"u-container-style u-image u-layout-cell u-size-30 u-image-1\" data-image-width=\"570\" data-image-height=\"339\" data-href=\"https:\/\/profsmoulinasons.netboard.me\/breizhtruck\/?link=yDFqCyVC-vCuy7H06-f8ZyZJjz\" style=\"background-image: url(&quot;https:\/\/moulinasons.fr\/wp-content\/uploads\/2025\/07\/breizh_truck.jpg&quot;);\">\n                <div class=\"u-container-layout u-valign-top u-container-layout-1\">\n                  <a href=\"https:\/\/profsmoulinasons.netboard.me\/breizhtruck\/?link=yDFqCyVC-vCuy7H06-f8ZyZJjz\" class=\"u-btn u-button-style u-custom-font u-text-active-palette-4-base u-text-hover-palette-5-base u-text-palette-3-base u-btn-1\" target=\"_blank\">Breizh Truck<\/a>\n                <\/div>\n              <\/div>\n              <div class=\"u-container-style u-image u-layout-cell u-size-30 u-image-2\" data-image-width=\"1140\" data-image-height=\"678\" data-href=\"https:\/\/profsmoulinasons.netboard.me\/elliesband\/?link=fFDTX9Qn-kP4aIhte-q4twCfLE\" style=\"background-image: url(&quot;https:\/\/moulinasons.fr\/wp-content\/uploads\/2025\/07\/ellies.jpg&quot;);\">\n                <div class=\"u-container-layout u-valign-top u-container-layout-2\">\n                  <a href=\"https:\/\/profsmoulinasons.netboard.me\/compagnieerrant\/?link=qLG3M2cF-UteJ6VK0-3bbWZjNM\" class=\"u-btn u-button-style u-custom-font u-font-playfair-display u-text-active-palette-1-light-2 u-text-hover-palette-4-base u-text-palette-3-base u-btn-2\" target=\"_blank\"><span style=\"font-size: 2.25rem;\">Ellie's Shamrocks<\/span>\n                  <\/a>\n                <\/div>\n              <\/div>\n            <\/div>\n          <\/div>\n        <\/div>\n      <\/div>\n    <\/section>\n    \n    \n    \n  \n<\/div>","protected":false},"excerpt":{"rendered":"<p>Les ressources pour les \u00e9l\u00e8ves Cliquez sur le nom de votre cours ou de votre atelier pour acc\u00e9der aux ressources en ligne. &nbsp;&nbsp; Buzz Buzz Blues La Compagnie errante des sonneurs SECONDLINE Washboard Breizh Truck Ellie&rsquo;s Shamrocks<\/p>\n","protected":false},"author":1,"featured_media":0,"parent":0,"menu_order":0,"comment_status":"closed","ping_status":"closed","template":"","meta":{"footnotes":""},"class_list":["post-511","page","type-page","status-publish","hentry"],"yoast_head":"<!-- This site is optimized with the Yoast SEO plugin v25.4 - https:\/\/yoast.com\/wordpress\/plugins\/seo\/ -->\n<title>\u00c9l\u00e8ves - Le Moulin \u00c0 Sons - Loud\u00e9ac<\/title>\n<meta name=\"robots\" content=\"noindex, nofollow\" \/>\n<meta property=\"og:locale\" content=\"fr_FR\" \/>\n<meta property=\"og:type\" content=\"article\" \/>\n<meta property=\"og:title\" content=\"\u00c9l\u00e8ves - Le Moulin \u00c0 Sons - Loud\u00e9ac\" \/>\n<meta property=\"og:description\" content=\"Les ressources pour les \u00e9l\u00e8ves Cliquez sur le nom de votre cours ou de votre atelier pour acc\u00e9der aux ressources en ligne. &nbsp;&nbsp; Buzz Buzz Blues La Compagnie errante des sonneurs SECONDLINE Washboard Breizh Truck Ellie&#039;s Shamrocks\" \/>\n<meta property=\"og:url\" content=\"https:\/\/moulinasons.fr\/index.php\/eleves\/\" \/>\n<meta property=\"og:site_name\" content=\"Le Moulin \u00c0 Sons - Loud\u00e9ac\" \/>\n<meta property=\"article:publisher\" content=\"https:\/\/www.facebook.com\/p\/Le-Moulin--Sons-100095123767953\/\" \/>\n<meta property=\"article:modified_time\" content=\"2025-09-16T14:54:10+00:00\" \/>\n<meta name=\"twitter:card\" content=\"summary_large_image\" \/>\n<meta name=\"twitter:label1\" content=\"Dur\u00e9e de lecture estim\u00e9e\" \/>\n\t<meta name=\"twitter:data1\" content=\"1 minute\" \/>\n<script type=\"application\/ld+json\" class=\"yoast-schema-graph\">{\"@context\":\"https:\/\/schema.org\",\"@graph\":[{\"@type\":\"WebPage\",\"@id\":\"https:\/\/moulinasons.fr\/index.php\/eleves\/\",\"url\":\"https:\/\/moulinasons.fr\/index.php\/eleves\/\",\"name\":\"\u00c9l\u00e8ves - Le Moulin \u00c0 Sons - Loud\u00e9ac\",\"isPartOf\":{\"@id\":\"https:\/\/moulinasons.fr\/#website\"},\"datePublished\":\"2025-07-03T15:40:14+00:00\",\"dateModified\":\"2025-09-16T14:54:10+00:00\",\"breadcrumb\":{\"@id\":\"https:\/\/moulinasons.fr\/index.php\/eleves\/#breadcrumb\"},\"inLanguage\":\"fr-FR\",\"potentialAction\":[{\"@type\":\"ReadAction\",\"target\":[\"https:\/\/moulinasons.fr\/index.php\/eleves\/\"]}]},{\"@type\":\"BreadcrumbList\",\"@id\":\"https:\/\/moulinasons.fr\/index.php\/eleves\/#breadcrumb\",\"itemListElement\":[{\"@type\":\"ListItem\",\"position\":1,\"name\":\"Accueil\",\"item\":\"https:\/\/moulinasons.fr\/\"},{\"@type\":\"ListItem\",\"position\":2,\"name\":\"\u00c9l\u00e8ves\"}]},{\"@type\":\"WebSite\",\"@id\":\"https:\/\/moulinasons.fr\/#website\",\"url\":\"https:\/\/moulinasons.fr\/\",\"name\":\"Le Moulin \u00c0 Sons - Loud\u00e9ac\",\"description\":\"\",\"publisher\":{\"@id\":\"https:\/\/moulinasons.fr\/#organization\"},\"potentialAction\":[{\"@type\":\"SearchAction\",\"target\":{\"@type\":\"EntryPoint\",\"urlTemplate\":\"https:\/\/moulinasons.fr\/?s={search_term_string}\"},\"query-input\":{\"@type\":\"PropertyValueSpecification\",\"valueRequired\":true,\"valueName\":\"search_term_string\"}}],\"inLanguage\":\"fr-FR\"},{\"@type\":\"Organization\",\"@id\":\"https:\/\/moulinasons.fr\/#organization\",\"name\":\"Le Moulin \u00c0 Sons - Loud\u00e9ac\",\"url\":\"https:\/\/moulinasons.fr\/\",\"logo\":{\"@type\":\"ImageObject\",\"inLanguage\":\"fr-FR\",\"@id\":\"https:\/\/moulinasons.fr\/#\/schema\/logo\/image\/\",\"url\":\"https:\/\/moulinasons.fr\/wp-content\/uploads\/2025\/07\/LOGO-MAS-vertical-couleur01-698px.jpg\",\"contentUrl\":\"https:\/\/moulinasons.fr\/wp-content\/uploads\/2025\/07\/LOGO-MAS-vertical-couleur01-698px.jpg\",\"width\":349,\"height\":698,\"caption\":\"Le Moulin \u00c0 Sons - Loud\u00e9ac\"},\"image\":{\"@id\":\"https:\/\/moulinasons.fr\/#\/schema\/logo\/image\/\"},\"sameAs\":[\"https:\/\/www.facebook.com\/p\/Le-Moulin--Sons-100095123767953\/\",\"https:\/\/www.instagram.com\/moulinasons\/reel\/C3JXECpoAQS\/\"]}]}<\/script>\n<!-- \/ Yoast SEO plugin. -->","yoast_head_json":{"title":"\u00c9l\u00e8ves - Le Moulin \u00c0 Sons - Loud\u00e9ac","robots":{"index":"noindex","follow":"nofollow"},"og_locale":"fr_FR","og_type":"article","og_title":"\u00c9l\u00e8ves - Le Moulin \u00c0 Sons - Loud\u00e9ac","og_description":"Les ressources pour les \u00e9l\u00e8ves Cliquez sur le nom de votre cours ou de votre atelier pour acc\u00e9der aux ressources en ligne. &nbsp;&nbsp; Buzz Buzz Blues La Compagnie errante des sonneurs SECONDLINE Washboard Breizh Truck Ellie's Shamrocks","og_url":"https:\/\/moulinasons.fr\/index.php\/eleves\/","og_site_name":"Le Moulin \u00c0 Sons - Loud\u00e9ac","article_publisher":"https:\/\/www.facebook.com\/p\/Le-Moulin--Sons-100095123767953\/","article_modified_time":"2025-09-16T14:54:10+00:00","twitter_card":"summary_large_image","twitter_misc":{"Dur\u00e9e de lecture estim\u00e9e":"1 minute"},"schema":{"@context":"https:\/\/schema.org","@graph":[{"@type":"WebPage","@id":"https:\/\/moulinasons.fr\/index.php\/eleves\/","url":"https:\/\/moulinasons.fr\/index.php\/eleves\/","name":"\u00c9l\u00e8ves - Le Moulin \u00c0 Sons - Loud\u00e9ac","isPartOf":{"@id":"https:\/\/moulinasons.fr\/#website"},"datePublished":"2025-07-03T15:40:14+00:00","dateModified":"2025-09-16T14:54:10+00:00","breadcrumb":{"@id":"https:\/\/moulinasons.fr\/index.php\/eleves\/#breadcrumb"},"inLanguage":"fr-FR","potentialAction":[{"@type":"ReadAction","target":["https:\/\/moulinasons.fr\/index.php\/eleves\/"]}]},{"@type":"BreadcrumbList","@id":"https:\/\/moulinasons.fr\/index.php\/eleves\/#breadcrumb","itemListElement":[{"@type":"ListItem","position":1,"name":"Accueil","item":"https:\/\/moulinasons.fr\/"},{"@type":"ListItem","position":2,"name":"\u00c9l\u00e8ves"}]},{"@type":"WebSite","@id":"https:\/\/moulinasons.fr\/#website","url":"https:\/\/moulinasons.fr\/","name":"Le Moulin \u00c0 Sons - Loud\u00e9ac","description":"","publisher":{"@id":"https:\/\/moulinasons.fr\/#organization"},"potentialAction":[{"@type":"SearchAction","target":{"@type":"EntryPoint","urlTemplate":"https:\/\/moulinasons.fr\/?s={search_term_string}"},"query-input":{"@type":"PropertyValueSpecification","valueRequired":true,"valueName":"search_term_string"}}],"inLanguage":"fr-FR"},{"@type":"Organization","@id":"https:\/\/moulinasons.fr\/#organization","name":"Le Moulin \u00c0 Sons - Loud\u00e9ac","url":"https:\/\/moulinasons.fr\/","logo":{"@type":"ImageObject","inLanguage":"fr-FR","@id":"https:\/\/moulinasons.fr\/#\/schema\/logo\/image\/","url":"https:\/\/moulinasons.fr\/wp-content\/uploads\/2025\/07\/LOGO-MAS-vertical-couleur01-698px.jpg","contentUrl":"https:\/\/moulinasons.fr\/wp-content\/uploads\/2025\/07\/LOGO-MAS-vertical-couleur01-698px.jpg","width":349,"height":698,"caption":"Le Moulin \u00c0 Sons - Loud\u00e9ac"},"image":{"@id":"https:\/\/moulinasons.fr\/#\/schema\/logo\/image\/"},"sameAs":["https:\/\/www.facebook.com\/p\/Le-Moulin--Sons-100095123767953\/","https:\/\/www.instagram.com\/moulinasons\/reel\/C3JXECpoAQS\/"]}]}},"_links":{"self":[{"href":"https:\/\/moulinasons.fr\/index.php\/wp-json\/wp\/v2\/pages\/511","targetHints":{"allow":["GET"]}}],"collection":[{"href":"https:\/\/moulinasons.fr\/index.php\/wp-json\/wp\/v2\/pages"}],"about":[{"href":"https:\/\/moulinasons.fr\/index.php\/wp-json\/wp\/v2\/types\/page"}],"author":[{"embeddable":true,"href":"https:\/\/moulinasons.fr\/index.php\/wp-json\/wp\/v2\/users\/1"}],"replies":[{"embeddable":true,"href":"https:\/\/moulinasons.fr\/index.php\/wp-json\/wp\/v2\/comments?post=511"}],"version-history":[{"count":26,"href":"https:\/\/moulinasons.fr\/index.php\/wp-json\/wp\/v2\/pages\/511\/revisions"}],"predecessor-version":[{"id":649,"href":"https:\/\/moulinasons.fr\/index.php\/wp-json\/wp\/v2\/pages\/511\/revisions\/649"}],"wp:attachment":[{"href":"https:\/\/moulinasons.fr\/index.php\/wp-json\/wp\/v2\/media?parent=511"}],"curies":[{"name":"wp","href":"https:\/\/api.w.org\/{rel}","templated":true}]}}