{"id":579,"date":"2025-07-10T12:00:55","date_gmt":"2025-07-10T10:00:55","guid":{"rendered":"https:\/\/moulinasons.fr\/?page_id=579"},"modified":"2025-07-29T14:30:10","modified_gmt":"2025-07-29T12:30:10","slug":"projet","status":"publish","type":"page","link":"https:\/\/moulinasons.fr\/index.php\/projet\/","title":{"rendered":"Projet"},"content":{"rendered":"<div class=\"\" style=\"\" >\n    \n    <section class=\"u-clearfix u-image u-section-2\" id=\"sec-663a\" style=\"background-image: url(&quot;https:\/\/moulinasons.fr\/wp-content\/uploads\/2025\/07\/ww-2.jpg&quot;);\">\n      <div class=\"u-clearfix u-sheet u-valign-middle u-sheet-1\">\n        <div class=\"data-layout-selected u-clearfix u-expanded-width u-layout-wrap u-layout-wrap-1\">\n          <div class=\"u-layout\">\n            <div class=\"u-layout-row\">\n              <div class=\"u-container-style u-layout-cell u-left-cell u-size-28-lg u-size-28-xl u-size-31-md u-size-31-sm u-size-31-xs u-layout-cell-1\">\n                <div class=\"u-container-layout u-valign-top-lg u-valign-top-md u-valign-top-sm u-valign-top-xs u-container-layout-1\">\n                  <img decoding=\"async\" class=\"custom-expanded u-image u-image-1\" src=\"https:\/\/moulinasons.fr\/wp-content\/uploads\/2025\/07\/LOGO-MAS-vertical-couleur01-1024x2048-3.jpg\" data-image-width=\"1024\" data-image-height=\"2048\" data-href=\"https:\/\/moulinasons.fr\/index.php\/page-1\/\">\n                <\/div>\n              <\/div>\n              <div class=\"u-align-left u-container-align-left u-container-align-left-lg u-container-align-left-md u-container-align-left-sm u-container-align-left-xl u-container-style u-layout-cell u-right-cell u-size-29-md u-size-29-sm u-size-29-xs u-size-32-lg u-size-32-xl u-layout-cell-2\">\n                <div class=\"u-container-layout u-valign-middle-lg u-valign-middle-md u-valign-middle-sm u-container-layout-2\">\n                  <h1 class=\"u-align-center u-custom-font u-font-roboto-condensed u-text u-text-palette-4-base u-text-1\"><span style=\"font-size: 4.5rem;\">Le moulin \u00e0 sons<\/span><span style=\"font-size: 1.875rem;\"><\/span>\n                  <\/h1>\n                  <p class=\"u-text u-text-black u-text-default u-text-2\">\n                    <br>\n                  <\/p>\n                  <h1 class=\"u-align-center-xs u-custom-font u-font-roboto-condensed u-text u-text-default u-text-palette-4-base u-text-3\"> Association musicale du pays de Loud\u00e9ac <\/h1>\n                <\/div>\n              <\/div>\n            <\/div>\n          <\/div>\n        <\/div>\n      <\/div>\n    <\/section>\n    <section class=\"u-clearfix u-white u-section-3\" id=\"carousel_c6aa\">\n      <div class=\"u-clearfix u-sheet u-valign-middle-lg u-valign-middle-sm u-valign-middle-xl u-sheet-1\">\n        <h2 class=\"u-text u-text-1\"><span class=\"u-text-palette-3-base\">Le projet du Moulin \u00e0 Sons s\u2019articule autour de 3 p\u00f4les<\/span>\n          <br><span class=\"u-text-palette-4-base\">F<\/span><span class=\"u-text-palette-4-base\">ormation<br>Diffusion \/ cr\u00e9ation<br>Ressources.<\/span>\n        <\/h2>\n        <div class=\"data-layout-selected u-clearfix u-expanded-width u-gutter-30 u-layout-wrap u-layout-wrap-1\">\n          <div class=\"u-gutter-0 u-layout\">\n            <div class=\"u-layout-row\">\n              <div class=\"u-container-style u-layout-cell u-palette-4-base u-shading u-size-60 u-size-60-md u-layout-cell-1\">\n                <div class=\"u-container-layout u-container-layout-1\">\n                  <h2 class=\"u-text u-text-palette-3-base u-text-2\">Le projet<\/h2>\n                <\/div>\n              <\/div>\n            <\/div>\n          <\/div>\n        <\/div>\n        <div alt=\"\" class=\"u-image u-image-circle u-image-1\" data-image-width=\"6000\" data-image-height=\"4000\" style=\"background-image: url(&quot;https:\/\/moulinasons.fr\/wp-content\/uploads\/2025\/06\/DSC04157-1-scaled.jpg&quot;);\"><\/div>\n        <div class=\"fr-view u-clearfix u-rich-text u-text u-text-3\">\n          <h3><span style=\"font-weight: 700;\"><span class=\"u-text-palette-4-base\">Formation<\/span><\/span>\n          <\/h3>\n          <p>Enseigner la musique dans un constant souci de qualit\u00e9, amener l\u2019\u00e9l\u00e8ve \u00e0 une pratique de la musique ax\u00e9e sur le plaisir de jouer (le terme \"amateur\", celui qui aime, prend ici tout son sens).<\/p>\n          <p>Les pratiques collectives, dans et hors les murs, sont un vecteur essentiel de cet apprentissage. Dans cette perspective le cours d\u2019instrument n\u2019est envisag\u00e9 que comme une partie de l\u2019enseignement, qui compl\u00e8te la pratique d\u2019ensemble.<\/p>\n          <p>Pr\u00e9voir des contenus multiples qui pourront r\u00e9pondre \u00e0 un maximum d\u2019envies et de besoins, dans un cadre appropri\u00e9. L\u2019attention particuli\u00e8re accord\u00e9e aux sp\u00e9cificit\u00e9s de chaque \u00e9l\u00e8ve et la richesse des pratiques collectives propos\u00e9es permettent d\u2019accueillir un public aux objectifs vari\u00e9s.<\/p>\n          <p>Donner aux \u00e9l\u00e8ves les comp\u00e9tences, l\u2019envie et l\u2019autonomie n\u00e9cessaires pour envisager une pratique musicale apr\u00e8s leur passage au Moulin \u00c0 Sons.<\/p>\n        <\/div>\n        <div class=\"fr-view u-clearfix u-rich-text u-text u-text-4\">\n          <p id=\"isPasted\">Ces diff\u00e9rentes d\u00e9marches feront l\u2019objet de restitutions et ouvriront \u00e0 l\u2019exp\u00e9rience de prestations publiques et\/ou d\u2019enregistrements. La forme de la restitution est con\u00e7ue comme un v\u00e9ritable moment de formation, aussi faut-il veiller \u00e0 ce que l\u2019aspect \u00e9v\u00e8nementiel ne d\u00e9nature pas l\u2019objectif de la formation.<\/p>\n          <p>En gardant toujours \u00e0 l\u2019esprit cette double pr\u00e9occupation de d\u00e9fendre une conception de qualit\u00e9 de l\u2019enseignement et promouvoir un enseignement accessible \u00e0 tous, quels que soient l\u2019\u00e2ge, l\u2019origine culturelle ou la motivation. Ceci est rendu possible par l\u2019\u00e9ventail des comp\u00e9tences humaines et professionnelles de l\u2019\u00e9quipe p\u00e9dagogique et son travail en commun.<\/p>\n        <\/div>\n        <img decoding=\"async\" class=\"u-expanded-width-xs u-image u-image-default u-image-2\" src=\"https:\/\/moulinasons.fr\/wp-content\/uploads\/2025\/07\/DSC02988-scaled.jpg\" alt=\"\" data-image-width=\"6000\" data-image-height=\"4000\">\n        <div class=\"fr-view u-align-right u-clearfix u-rich-text u-text u-text-5\">\n          <h3 id=\"isPasted\" style=\"text-align: left;\"><span class=\"u-text-palette-4-base\" style=\"font-weight: 700;\">Diffusion \/ Cr\u00e9ation<\/span>\n          <\/h3>\n          <p style=\"text-align: left;\">Le Moulin \u00e0 Sons trouve sa place au sein du tissu musical et culturel du territoire en proposant des projets de diffusion et de cr\u00e9ation \u00e9labor\u00e9s en harmonie avec les t\u00e2ches d\u2019enseignement et dans leur continuit\u00e9. Il constitue sur le territoire de Loud\u00e9ac Communaut\u00e9 Bretagne Centre un noyau dynamique de la vie musicale de par des concerts et activit\u00e9s publiques con\u00e7us comme un compl\u00e9ment p\u00e9dagogique \u00e0 tout parcours de formation.<\/p>\n        <\/div>\n        <div class=\"fr-view u-clearfix u-rich-text u-text u-text-6\">\n          <h3><span class=\"u-text-palette-4-base\" style=\"font-weight: 700;\">Ressources<\/span>\n          <\/h3>\n          <p>L\u2019\u00e9cole se veut \u00e9galement un centre de ressources permettant de r\u00e9pondre \u00e0 des demandes vari\u00e9es dans le domaine musical.<\/p>\n          <p>Orienter, apporter des pistes d\u2019action \u00e0 tous ceux (\u00e9l\u00e8ves, anciens \u00e9l\u00e8ves ou autres) qui souhaitent avoir des activit\u00e9s musicales professionnelles ou amateurs.Informer sur les structures, les instruments, les concerts.<\/p>\n          <p>Mettre en relation les personnes souhaitant r\u00e9aliser un projet musical.<\/p>\n        <\/div>\n        <img decoding=\"async\" class=\"u-expanded-width-xs u-image u-image-default u-image-3\" src=\"https:\/\/moulinasons.fr\/wp-content\/uploads\/2025\/07\/gros-plan-de-l-artiste-faisant-de-la-musique.jpg\" alt=\"\" data-image-width=\"400\" data-image-height=\"267\">\n        <div data-interval=\"5000\" data-u-ride=\"carousel\" class=\"u-carousel u-expanded-width-xs u-slider u-slider-1\" id=\"carousel-2d99\">\n          <ol class=\"u-absolute-hcenter u-carousel-indicators u-hidden u-carousel-indicators-1\">\n            <li data-u-target=\"#carousel-2d99\" class=\"u-active u-active-grey-10 u-grey-30 u-shape-circle\" data-u-slide-to=\"0\" style=\"width: 10px; height: 10px;\"><\/li>\n            <li data-u-target=\"#carousel-2d99\" class=\"u-active-grey-10 u-grey-30 u-shape-circle\" data-u-slide-to=\"1\" style=\"width: 10px; height: 10px;\"><\/li>\n            <li data-u-target=\"#carousel-2d99\" class=\"u-active-grey-10 u-grey-30 u-shape-circle\" data-u-slide-to=\"2\" style=\"width: 10px; height: 10px;\"><\/li>\n          <\/ol>\n          <div class=\"u-carousel-inner\" role=\"listbox\">\n            <div class=\"u-active u-carousel-item u-container-align-center u-container-style u-image u-slide u-image-4\" data-image-width=\"1900\" data-image-height=\"1267\" style=\"background-image: url(&quot;https:\/\/moulinasons.fr\/wp-content\/uploads\/2025\/07\/DSC03165.jpg&quot;);\">\n              <div class=\"u-container-layout u-container-layout-2\"><\/div>\n            <\/div>\n            <div class=\"u-carousel-item u-container-align-center u-container-style u-image u-slide u-image-5\" data-image-width=\"1900\" data-image-height=\"1425\" style=\"background-image: url(&quot;https:\/\/moulinasons.fr\/wp-content\/uploads\/2025\/07\/DSCF8157.jpg&quot;);\">\n              <div class=\"u-container-layout u-container-layout-3\"><\/div>\n            <\/div>\n            <div class=\"u-carousel-item u-container-align-center u-container-style u-image u-slide u-image-6\" data-image-width=\"1900\" data-image-height=\"1425\" style=\"background-image: url(&quot;https:\/\/moulinasons.fr\/wp-content\/uploads\/2025\/07\/P1020592-1.jpg&quot;);\">\n              <div class=\"u-container-layout u-container-layout-4\"><\/div>\n            <\/div>\n          <\/div>\n          <a class=\"u-absolute-vcenter u-carousel-control u-carousel-control-prev u-hidden u-spacing-5 u-text-grey-30 u-carousel-control-1\" href=\"#carousel-2d99\" role=\"button\" data-u-slide=\"prev\"><span aria-hidden=\"true\">\n              <svg viewBox=\"0 0 477.175 477.175\"><path d=\"M145.188,238.575l215.5-215.5c5.3-5.3,5.3-13.8,0-19.1s-13.8-5.3-19.1,0l-225.1,225.1c-5.3,5.3-5.3,13.8,0,19.1l225.1,225\n                    c2.6,2.6,6.1,4,9.5,4s6.9-1.3,9.5-4c5.3-5.3,5.3-13.8,0-19.1L145.188,238.575z\"><\/path><\/svg><\/span><span class=\"sr-only\">Previous<\/span>\n          <\/a>\n          <a class=\"u-absolute-vcenter u-carousel-control u-carousel-control-next u-hidden u-spacing-5 u-text-grey-30 u-carousel-control-2\" href=\"#carousel-2d99\" role=\"button\" data-u-slide=\"next\"><span aria-hidden=\"true\">\n              <svg viewBox=\"0 0 477.175 477.175\"><path d=\"M360.731,229.075l-225.1-225.1c-5.3-5.3-13.8-5.3-19.1,0s-5.3,13.8,0,19.1l215.5,215.5l-215.5,215.5\n                    c-5.3,5.3-5.3,13.8,0,19.1c2.6,2.6,6.1,4,9.5,4c3.4,0,6.9-1.3,9.5-4l225.1-225.1C365.931,242.875,365.931,234.275,360.731,229.075z\"><\/path><\/svg><\/span><span class=\"sr-only\">Next<\/span>\n          <\/a>\n        <\/div>\n      <\/div>\n    <\/section>\n    \n    \n    \n  \n<\/div>","protected":false},"excerpt":{"rendered":"<p>Le moulin \u00e0 sons Association musicale du pays de Loud\u00e9ac Le projet du Moulin \u00e0 Sons s\u2019articule autour de 3 p\u00f4les FormationDiffusion \/ cr\u00e9ationRessources. Le projet Formation Enseigner la musique dans un constant souci de qualit\u00e9, amener l\u2019\u00e9l\u00e8ve \u00e0 une pratique de la musique ax\u00e9e sur le plaisir de jouer (le terme \u00ab\u00a0amateur\u00a0\u00bb, celui qui [&hellip;]<\/p>\n","protected":false},"author":1,"featured_media":0,"parent":0,"menu_order":0,"comment_status":"closed","ping_status":"closed","template":"","meta":{"footnotes":""},"class_list":["post-579","page","type-page","status-publish","hentry"],"yoast_head":"<!-- This site is optimized with the Yoast SEO plugin v25.4 - https:\/\/yoast.com\/wordpress\/plugins\/seo\/ -->\n<title>Projet - Le Moulin \u00c0 Sons - Loud\u00e9ac<\/title>\n<meta name=\"robots\" content=\"index, follow, max-snippet:-1, max-image-preview:large, max-video-preview:-1\" \/>\n<link rel=\"canonical\" href=\"https:\/\/moulinasons.fr\/index.php\/projet\/\" \/>\n<meta property=\"og:locale\" content=\"fr_FR\" \/>\n<meta property=\"og:type\" content=\"article\" \/>\n<meta property=\"og:title\" content=\"Projet - Le Moulin \u00c0 Sons - Loud\u00e9ac\" \/>\n<meta property=\"og:description\" content=\"Le moulin \u00e0 sons Association musicale du pays de Loud\u00e9ac Le projet du Moulin \u00e0 Sons s\u2019articule autour de 3 p\u00f4les FormationDiffusion \/ cr\u00e9ationRessources. Le projet Formation Enseigner la musique dans un constant souci de qualit\u00e9, amener l\u2019\u00e9l\u00e8ve \u00e0 une pratique de la musique ax\u00e9e sur le plaisir de jouer (le terme &quot;amateur&quot;, celui qui [&hellip;]\" \/>\n<meta property=\"og:url\" content=\"https:\/\/moulinasons.fr\/index.php\/projet\/\" \/>\n<meta property=\"og:site_name\" content=\"Le Moulin \u00c0 Sons - Loud\u00e9ac\" \/>\n<meta property=\"article:publisher\" content=\"https:\/\/www.facebook.com\/p\/Le-Moulin--Sons-100095123767953\/\" \/>\n<meta property=\"article:modified_time\" content=\"2025-07-29T12:30:10+00:00\" \/>\n<meta name=\"twitter:card\" content=\"summary_large_image\" \/>\n<meta name=\"twitter:label1\" content=\"Dur\u00e9e de lecture estim\u00e9e\" \/>\n\t<meta name=\"twitter:data1\" content=\"2 minutes\" \/>\n<script type=\"application\/ld+json\" class=\"yoast-schema-graph\">{\"@context\":\"https:\/\/schema.org\",\"@graph\":[{\"@type\":\"WebPage\",\"@id\":\"https:\/\/moulinasons.fr\/index.php\/projet\/\",\"url\":\"https:\/\/moulinasons.fr\/index.php\/projet\/\",\"name\":\"Projet - Le Moulin \u00c0 Sons - Loud\u00e9ac\",\"isPartOf\":{\"@id\":\"https:\/\/moulinasons.fr\/#website\"},\"datePublished\":\"2025-07-10T10:00:55+00:00\",\"dateModified\":\"2025-07-29T12:30:10+00:00\",\"breadcrumb\":{\"@id\":\"https:\/\/moulinasons.fr\/index.php\/projet\/#breadcrumb\"},\"inLanguage\":\"fr-FR\",\"potentialAction\":[{\"@type\":\"ReadAction\",\"target\":[\"https:\/\/moulinasons.fr\/index.php\/projet\/\"]}]},{\"@type\":\"BreadcrumbList\",\"@id\":\"https:\/\/moulinasons.fr\/index.php\/projet\/#breadcrumb\",\"itemListElement\":[{\"@type\":\"ListItem\",\"position\":1,\"name\":\"Accueil\",\"item\":\"https:\/\/moulinasons.fr\/\"},{\"@type\":\"ListItem\",\"position\":2,\"name\":\"Projet\"}]},{\"@type\":\"WebSite\",\"@id\":\"https:\/\/moulinasons.fr\/#website\",\"url\":\"https:\/\/moulinasons.fr\/\",\"name\":\"Le Moulin \u00c0 Sons - Loud\u00e9ac\",\"description\":\"\",\"publisher\":{\"@id\":\"https:\/\/moulinasons.fr\/#organization\"},\"potentialAction\":[{\"@type\":\"SearchAction\",\"target\":{\"@type\":\"EntryPoint\",\"urlTemplate\":\"https:\/\/moulinasons.fr\/?s={search_term_string}\"},\"query-input\":{\"@type\":\"PropertyValueSpecification\",\"valueRequired\":true,\"valueName\":\"search_term_string\"}}],\"inLanguage\":\"fr-FR\"},{\"@type\":\"Organization\",\"@id\":\"https:\/\/moulinasons.fr\/#organization\",\"name\":\"Le Moulin \u00c0 Sons - Loud\u00e9ac\",\"url\":\"https:\/\/moulinasons.fr\/\",\"logo\":{\"@type\":\"ImageObject\",\"inLanguage\":\"fr-FR\",\"@id\":\"https:\/\/moulinasons.fr\/#\/schema\/logo\/image\/\",\"url\":\"https:\/\/moulinasons.fr\/wp-content\/uploads\/2025\/07\/LOGO-MAS-vertical-couleur01-698px.jpg\",\"contentUrl\":\"https:\/\/moulinasons.fr\/wp-content\/uploads\/2025\/07\/LOGO-MAS-vertical-couleur01-698px.jpg\",\"width\":349,\"height\":698,\"caption\":\"Le Moulin \u00c0 Sons - Loud\u00e9ac\"},\"image\":{\"@id\":\"https:\/\/moulinasons.fr\/#\/schema\/logo\/image\/\"},\"sameAs\":[\"https:\/\/www.facebook.com\/p\/Le-Moulin--Sons-100095123767953\/\",\"https:\/\/www.instagram.com\/moulinasons\/reel\/C3JXECpoAQS\/\"]}]}<\/script>\n<!-- \/ Yoast SEO plugin. -->","yoast_head_json":{"title":"Projet - Le Moulin \u00c0 Sons - Loud\u00e9ac","robots":{"index":"index","follow":"follow","max-snippet":"max-snippet:-1","max-image-preview":"max-image-preview:large","max-video-preview":"max-video-preview:-1"},"canonical":"https:\/\/moulinasons.fr\/index.php\/projet\/","og_locale":"fr_FR","og_type":"article","og_title":"Projet - Le Moulin \u00c0 Sons - Loud\u00e9ac","og_description":"Le moulin \u00e0 sons Association musicale du pays de Loud\u00e9ac Le projet du Moulin \u00e0 Sons s\u2019articule autour de 3 p\u00f4les FormationDiffusion \/ cr\u00e9ationRessources. Le projet Formation Enseigner la musique dans un constant souci de qualit\u00e9, amener l\u2019\u00e9l\u00e8ve \u00e0 une pratique de la musique ax\u00e9e sur le plaisir de jouer (le terme \"amateur\", celui qui [&hellip;]","og_url":"https:\/\/moulinasons.fr\/index.php\/projet\/","og_site_name":"Le Moulin \u00c0 Sons - Loud\u00e9ac","article_publisher":"https:\/\/www.facebook.com\/p\/Le-Moulin--Sons-100095123767953\/","article_modified_time":"2025-07-29T12:30:10+00:00","twitter_card":"summary_large_image","twitter_misc":{"Dur\u00e9e de lecture estim\u00e9e":"2 minutes"},"schema":{"@context":"https:\/\/schema.org","@graph":[{"@type":"WebPage","@id":"https:\/\/moulinasons.fr\/index.php\/projet\/","url":"https:\/\/moulinasons.fr\/index.php\/projet\/","name":"Projet - Le Moulin \u00c0 Sons - Loud\u00e9ac","isPartOf":{"@id":"https:\/\/moulinasons.fr\/#website"},"datePublished":"2025-07-10T10:00:55+00:00","dateModified":"2025-07-29T12:30:10+00:00","breadcrumb":{"@id":"https:\/\/moulinasons.fr\/index.php\/projet\/#breadcrumb"},"inLanguage":"fr-FR","potentialAction":[{"@type":"ReadAction","target":["https:\/\/moulinasons.fr\/index.php\/projet\/"]}]},{"@type":"BreadcrumbList","@id":"https:\/\/moulinasons.fr\/index.php\/projet\/#breadcrumb","itemListElement":[{"@type":"ListItem","position":1,"name":"Accueil","item":"https:\/\/moulinasons.fr\/"},{"@type":"ListItem","position":2,"name":"Projet"}]},{"@type":"WebSite","@id":"https:\/\/moulinasons.fr\/#website","url":"https:\/\/moulinasons.fr\/","name":"Le Moulin \u00c0 Sons - Loud\u00e9ac","description":"","publisher":{"@id":"https:\/\/moulinasons.fr\/#organization"},"potentialAction":[{"@type":"SearchAction","target":{"@type":"EntryPoint","urlTemplate":"https:\/\/moulinasons.fr\/?s={search_term_string}"},"query-input":{"@type":"PropertyValueSpecification","valueRequired":true,"valueName":"search_term_string"}}],"inLanguage":"fr-FR"},{"@type":"Organization","@id":"https:\/\/moulinasons.fr\/#organization","name":"Le Moulin \u00c0 Sons - Loud\u00e9ac","url":"https:\/\/moulinasons.fr\/","logo":{"@type":"ImageObject","inLanguage":"fr-FR","@id":"https:\/\/moulinasons.fr\/#\/schema\/logo\/image\/","url":"https:\/\/moulinasons.fr\/wp-content\/uploads\/2025\/07\/LOGO-MAS-vertical-couleur01-698px.jpg","contentUrl":"https:\/\/moulinasons.fr\/wp-content\/uploads\/2025\/07\/LOGO-MAS-vertical-couleur01-698px.jpg","width":349,"height":698,"caption":"Le Moulin \u00c0 Sons - Loud\u00e9ac"},"image":{"@id":"https:\/\/moulinasons.fr\/#\/schema\/logo\/image\/"},"sameAs":["https:\/\/www.facebook.com\/p\/Le-Moulin--Sons-100095123767953\/","https:\/\/www.instagram.com\/moulinasons\/reel\/C3JXECpoAQS\/"]}]}},"_links":{"self":[{"href":"https:\/\/moulinasons.fr\/index.php\/wp-json\/wp\/v2\/pages\/579","targetHints":{"allow":["GET"]}}],"collection":[{"href":"https:\/\/moulinasons.fr\/index.php\/wp-json\/wp\/v2\/pages"}],"about":[{"href":"https:\/\/moulinasons.fr\/index.php\/wp-json\/wp\/v2\/types\/page"}],"author":[{"embeddable":true,"href":"https:\/\/moulinasons.fr\/index.php\/wp-json\/wp\/v2\/users\/1"}],"replies":[{"embeddable":true,"href":"https:\/\/moulinasons.fr\/index.php\/wp-json\/wp\/v2\/comments?post=579"}],"version-history":[{"count":14,"href":"https:\/\/moulinasons.fr\/index.php\/wp-json\/wp\/v2\/pages\/579\/revisions"}],"predecessor-version":[{"id":1006,"href":"https:\/\/moulinasons.fr\/index.php\/wp-json\/wp\/v2\/pages\/579\/revisions\/1006"}],"wp:attachment":[{"href":"https:\/\/moulinasons.fr\/index.php\/wp-json\/wp\/v2\/media?parent=579"}],"curies":[{"name":"wp","href":"https:\/\/api.w.org\/{rel}","templated":true}]}}