{"id":584,"date":"2025-07-11T13:38:09","date_gmt":"2025-07-11T11:38:09","guid":{"rendered":"https:\/\/moulinasons.fr\/?page_id=584"},"modified":"2025-07-18T12:39:34","modified_gmt":"2025-07-18T10:39:34","slug":"parcours-de-leleve","status":"publish","type":"page","link":"https:\/\/moulinasons.fr\/index.php\/parcours-de-leleve\/","title":{"rendered":"Parcours de l&rsquo;\u00e9l\u00e8ve"},"content":{"rendered":"<div class=\"\" style=\"\" >\n    \n    <section class=\"u-clearfix u-image u-section-2\" id=\"sec-fb99\" style=\"background-image: url(&quot;https:\/\/moulinasons.fr\/wp-content\/uploads\/2025\/07\/ww-4.jpg&quot;);\">\n      <div class=\"u-clearfix u-sheet u-valign-middle u-sheet-1\">\n        <div class=\"data-layout-selected u-clearfix u-expanded-width u-layout-wrap u-layout-wrap-1\">\n          <div class=\"u-layout\">\n            <div class=\"u-layout-row\">\n              <div class=\"u-container-style u-layout-cell u-left-cell u-size-25-lg u-size-25-xl u-size-31-md u-size-31-sm u-size-31-xs u-layout-cell-1\">\n                <div class=\"u-container-layout u-valign-top-lg u-valign-top-md u-valign-top-sm u-container-layout-1\">\n                  <img decoding=\"async\" class=\"custom-expanded u-image u-image-1\" src=\"https:\/\/moulinasons.fr\/wp-content\/uploads\/2025\/07\/LOGO-MAS-vertical-couleur01-1024x2048-5.jpg\" data-image-width=\"1024\" data-image-height=\"2048\" data-href=\"https:\/\/moulinasons.fr\/index.php\/page-1\/\">\n                <\/div>\n              <\/div>\n              <div class=\"u-align-left u-container-align-left u-container-style u-layout-cell u-right-cell u-size-29-md u-size-29-sm u-size-29-xs u-size-35-lg u-size-35-xl u-layout-cell-2\">\n                <div class=\"u-container-layout u-valign-middle-lg u-valign-middle-md u-valign-middle-sm u-container-layout-2\">\n                  <h1 class=\"u-align-center u-custom-font u-font-roboto-condensed u-text u-text-palette-4-base u-text-1\"><span style=\"font-size: 4.5rem;\">PARCOURS DE L'\u00c9L\u00c8VE<\/span><span style=\"font-size: 1.875rem;\"><\/span>\n                  <\/h1>\n                  <p class=\"u-text u-text-black u-text-default u-text-2\">\n                    <br>\n                  <\/p>\n                <\/div>\n              <\/div>\n            <\/div>\n          <\/div>\n        <\/div>\n      <\/div>\n    <\/section>\n    <section class=\"u-clearfix u-section-3\" id=\"sec-1ec7\">\n      <div class=\"u-clearfix u-sheet u-valign-top-lg u-valign-top-sm u-sheet-1\">\n        <div class=\"u-container-style u-group u-palette-4-base u-group-1\">\n          <div class=\"u-container-layout u-valign-middle-lg u-valign-middle-md u-valign-middle-sm u-valign-middle-xs u-container-layout-1\"><\/div>\n        <\/div>\n        <div class=\"u-palette-4-base u-shape u-shape-rectangle u-shape-1\"><\/div>\n        <div class=\"u-align-left u-container-align-left u-container-style u-expanded-width-xs u-group u-palette-4-base u-group-2\">\n          <div class=\"u-container-layout u-container-layout-2\">\n            <h2 class=\"u-text u-text-white u-text-1\">\u00c9veil m\u200busical 1<\/h2>\n            <p class=\"u-text u-text-2\">L\u2019atelier d\u2019\u00e9veil musical 1 est destin\u00e9 aux \u00e9l\u00e8ves de moyenne section maternelle.<\/p>\n          <\/div>\n        <\/div>\n        <div class=\"u-align-left u-container-align-left u-container-style u-expanded-width-xs u-group u-palette-4-base u-group-3\">\n          <div class=\"u-container-layout u-container-layout-3\">\n            <h2 class=\"u-text u-text-white u-text-3\">\u00c9veil musical 2<\/h2>\n            <p class=\"u-text u-text-4\">L\u2019atelier d\u2019\u00e9veil musical 2 est destin\u00e9 aux \u00e9l\u00e8ves de grande section maternelle.<\/p>\n          <\/div>\n        <\/div>\n        <h3 class=\"u-text u-text-default u-text-palette-4-base u-text-5\">Objectifs<\/h3>\n        <p class=\"u-custom-font u-font-roboto-condensed u-text u-text-default u-text-6\"> - Appr\u00e9hender les notions de placement dans l\u2019espace et au sein du groupe, de plaisir<br>li\u00e9 \u00e0 la production de mati\u00e8re sonore collective.<br>- Mettre en commun les curiosit\u00e9s.<br>- \u00c9laborer et exp\u00e9rimenter diff\u00e9rentes r\u00e8gles du jeu permettant la mise en commun des<br>aptitudes et des perceptions de chacun.<br>- \u00c9couter, analyser, \u00e9changer avec le groupe et d\u00e9velopper son esprit critique.<br>- Inventer et s\u2019approprier un ensemble de consignes non-verbales permettant de<br>produire des moments collectifs de mati\u00e8re sonore, d\u2019\u00e9coute et de mouvement.\n        <\/p>\n        <img decoding=\"async\" class=\"u-image u-image-circle u-image-1\" src=\"https:\/\/moulinasons.fr\/wp-content\/uploads\/2025\/07\/anaelle_violoncelle.png\" alt=\"\" data-image-width=\"1280\" data-image-height=\"1706\">\n        <h3 class=\"u-text u-text-default u-text-palette-4-base u-text-7\">Outils<\/h3>\n        <p class=\"u-custom-font u-font-roboto-condensed u-text u-text-8\"> - Exercices de respiration, de spatialisation, de conscience du corps et du geste.<br>- \u00c9coutes.<br>- Jeux dans\u00e9s.<br>- Cr\u00e9ation de mati\u00e8re sonore collective, vocale ou instrumentale (essentiellement avec des objets sonores).<br>- Codages gestuels.<br>- Int\u00e9gration dans des chansons du r\u00e9pertoire de moments collectifs, vocaux ou<br>instrumentaux bas\u00e9s sur l\u2019imitation, l\u2019invention ou la variation.\n        <\/p>\n        <div class=\"u-container-style u-expanded-width-md u-expanded-width-sm u-expanded-width-xs u-group u-palette-3-base u-group-4\">\n          <div class=\"u-container-layout u-container-layout-4\">\n            <h2 class=\"u-custom-font u-font-roboto-condensed u-text u-text-default u-text-palette-4-base u-text-9\">Cycle d\u00e9couverte<\/h2>\n            <p class=\"u-text u-text-palette-4-base u-text-10\">Une approche du monde sonore et musical adapt\u00e9e aux tout-petits.<span style=\"font-weight: 700;\"><\/span>\n            <\/p>\n          <\/div>\n        <\/div>\n      <\/div>\n    <\/section>\n    <section class=\"u-clearfix u-section-4\" id=\"block-2\">\n      <div class=\"u-clearfix u-sheet u-valign-top-lg u-valign-top-sm u-sheet-1\">\n        <div class=\"custom-expanded u-container-style u-group u-palette-4-base u-group-1\">\n          <div class=\"u-container-layout u-container-layout-1\">\n            <h2 class=\"u-text u-text-white u-text-1\">Atelier d\u00e9couverte<\/h2>\n            <p class=\"u-text u-text-2\"> L\u2019atelier d\u00e9couverte est destin\u00e9 aux \u00e9l\u00e8ves du CP, qu\u2019ils aient particip\u00e9 \u00e0 l\u2019\u00e9veil musical ou non.<\/p>\n          <\/div>\n        <\/div>\n        <h3 class=\"u-text u-text-default u-text-palette-4-base u-text-3\">Objectifs<\/h3>\n        <p class=\"u-custom-font u-font-roboto-condensed u-text u-text-4\"> Aux notions abord\u00e9es durant l\u2019ann\u00e9e d\u2019\u00e9veil s\u2019ajoutent :<br>- S\u2019approprier des approches inventives de cr\u00e9ation collective sans obligation de r\u00e9sultat imm\u00e9diat.<br>- D\u00e9couvrir de mani\u00e8re sensorielle et ludique les instruments enseign\u00e9s au Moulin \u00c0 Sons.<br>- Comprendre et questionner les r\u00e8gles du jeu.<br>- \u00c9laborer un langage commun autour des notions musicales.<br>- Prendre conscience de l\u2019importance de la posture et du silence.<br>- Faire connaissance avec les diff\u00e9rentes esth\u00e9tiques musicales.<br>- Conna\u00eetre l\u2019\u00e9tablissement et l\u2019ensemble de son offre.\n        <\/p>\n        <h3 class=\"u-text u-text-default u-text-palette-4-base u-text-5\">Outils<\/h3>\n        <img decoding=\"async\" class=\"u-expanded-width-xs u-image u-image-default u-image-1\" src=\"https:\/\/moulinasons.fr\/wp-content\/uploads\/2025\/07\/DSC02813.jpg\" alt=\"\" data-image-width=\"800\" data-image-height=\"533\">\n        <p class=\"u-custom-font u-font-roboto-condensed u-text u-text-6\"> - D\u00e9couverte et cr\u00e9ation d\u2019un panel de r\u00e8gles du jeu, toujours articul\u00e9es autour de<br>codages gestuels, transformables et adaptables en fonction des capacit\u00e9s et de la<br>motivation de chacun.<br>Les activit\u00e9s d\u2019\u00e9veil et de d\u00e9couverte ne donnent lieu \u00e0 aucune \u00e9valuation formelle.<br>Pour mettre en commun les perceptions et les aptitudes de chacun, les pratiques<br>collectives seront largement privil\u00e9gi\u00e9es et la notion de jeu omnipr\u00e9sente.<br>Nous accueillons \u00e9galement dans nos murs un atelier hebdomadaire \u00e0 destination des 0\/3 ans, propos\u00e9 par le service jeunesse de la collectivit\u00e9 territoriale et encadr\u00e9 par une professionnelle de la petite enfance dans le cadre du dispositif Berce \u00d4 Culture.\n        <\/p>\n      <\/div>\n    <\/section>\n    <section class=\"u-clearfix u-section-5\" id=\"block-1\">\n      <div class=\"u-clearfix u-sheet u-valign-top-lg u-valign-top-sm u-sheet-1\">\n        <div class=\"u-hidden-xs u-palette-4-base u-shape u-shape-rectangle u-shape-1\"><\/div>\n        <div class=\"u-container-style u-expanded-width-xs u-group u-palette-4-base u-group-1\">\n          <div class=\"u-container-layout u-container-layout-1\"><\/div>\n        <\/div>\n        <div class=\"u-container-style u-expanded-width-xs u-group u-palette-3-base u-group-2\">\n          <div class=\"u-container-layout u-container-layout-2\">\n            <h2 class=\"u-custom-font u-font-roboto-condensed u-text u-text-palette-4-base u-text-1\">Cycle 1- Exploration<\/h2>\n            <div class=\"u-container-style u-expanded-width-xs u-group u-palette-4-base u-group-3\">\n              <div class=\"u-container-layout u-valign-top-xs u-container-layout-3\">\n                <p class=\"u-text u-text-default u-text-2\"> Le cycle exploration se caract\u00e9rise par le choix d\u2019un instrument, un travail technique de cet instrument encadr\u00e9 par un professeur r\u00e9f\u00e9rent et l\u2019entr\u00e9e dans le&nbsp;dispositif d\u2019\u00e9valuation continue.<\/p>\n              <\/div>\n            <\/div>\n          <\/div>\n        <\/div>\n        <h3 class=\"u-text u-text-default u-text-palette-4-base u-text-3\">Du CE1 au CM2&nbsp;<\/h3>\n        <p class=\"u-custom-font u-font-roboto-condensed u-text u-text-4\">1h30 hebdomadaire : 45 mn de pratique avec le professeur d\u2019instrument et 45 mn de pratique d\u2019ensemble.<br>En compl\u00e9ment de leurs cours d\u2019instruments les \u00e9l\u00e8ves sont r\u00e9partis en fonction de leur \u00e2ge, de leurs ann\u00e9es de pratique, de leur niveau ou de leurs besoins dans l\u2019un des ensembles men\u00e9s par un collectif de professeurs.\n        <\/p>\n        <img decoding=\"async\" class=\"u-image u-image-default u-image-1\" src=\"https:\/\/moulinasons.fr\/wp-content\/uploads\/2025\/07\/IMG20240522145711.jpg\" alt=\"\" data-image-width=\"1900\" data-image-height=\"1321\">\n        <h3 class=\"u-text u-text-default u-text-palette-4-base u-text-5\"> \u00c0 partir de la 6\u00e8me<\/h3>\n        <p class=\"u-custom-font u-font-roboto-condensed u-text u-text-6\"> En compl\u00e9ment de leurs cours d\u2019instruments les \u00e9l\u00e8ves sont fortement invit\u00e9s \u00e0 continuer une pratique d\u2019ensemble en rejoignant un ou plusieurs ateliers suivant leur niveau, leur \u00e2ge et les esth\u00e9tiques musicales propos\u00e9es.<br>Les ateliers sont accessibles \u00e0 tous les adh\u00e9rents de l\u2019association sans avoir \u00e0 justifier d\u2019une inscription en cours d\u2019instrument.\n        <\/p>\n        <img decoding=\"async\" class=\"u-expanded-width u-image u-image-default u-image-2\" src=\"https:\/\/moulinasons.fr\/wp-content\/uploads\/2025\/07\/breizh_truck-1.jpg\" alt=\"\" data-image-width=\"570\" data-image-height=\"339\">\n      <\/div>\n    <\/section>\n    <section class=\"u-clearfix u-section-6\" id=\"block-3\">\n      <div class=\"u-clearfix u-sheet u-valign-top-lg u-valign-top-md u-valign-top-sm u-sheet-1\">\n        <div class=\"u-hidden-xs u-palette-4-base u-shape u-shape-rectangle u-shape-1\"><\/div>\n        <div class=\"u-container-style u-expanded-width-xs u-group u-palette-4-base u-group-1\">\n          <div class=\"u-container-layout u-container-layout-1\"><\/div>\n        <\/div>\n        <div class=\"u-container-style u-expanded-width-xs u-group u-palette-3-base u-group-2\">\n          <div class=\"u-container-layout u-container-layout-2\">\n            <h2 class=\"u-custom-font u-font-roboto-condensed u-text u-text-palette-4-base u-text-1\">Cycle 2- Approfondissement<\/h2>\n            <div class=\"u-container-style u-expanded-width-xs u-group u-palette-4-base u-group-3\">\n              <div class=\"u-container-layout u-valign-top-xs u-container-layout-3\">\n                <p class=\"u-text u-text-default u-text-2\"> Apr\u00e8s validation du premier cycle, l\u2019\u00e9l\u00e8ve aborde le cycle approfondissement.<br>\n                <\/p>\n              <\/div>\n            <\/div>\n          <\/div>\n        <\/div>\n        <p class=\"u-custom-font u-font-roboto-condensed u-text u-text-3\"> Le cycle approfondissement se caract\u00e9rise par une volont\u00e9 d\u2019affiner les comp\u00e9tences acquises lors du cycle Exploration, l\u2019acquisition de nouvelles comp\u00e9tences, l\u2019assurance que l\u2019\u00e9l\u00e8ve a abord\u00e9 chacun des 7 domaines de comp\u00e9tences et les notions d\u2019improvisation, d\u2019arrangement, de composition et de cr\u00e9ation.<br>\n          <br>Une attention particuli\u00e8re est port\u00e9e \u00e0 son autonomie.<br>\n          <br>Les pratiques collectives peuvent continuer selon les m\u00eames modalit\u00e9s et dans les m\u00eames ateliers que lors du cycle pr\u00e9c\u00e9dent mais l\u2019autonomie sera privil\u00e9gi\u00e9e chaque fois que faire se peut : cr\u00e9ation de groupe ou d\u2019ensemble autonome, avec un professeur r\u00e9f\u00e9rent.\n        <\/p>\n        <img decoding=\"async\" class=\"u-expanded-width u-image u-image-default u-image-1\" src=\"https:\/\/moulinasons.fr\/wp-content\/uploads\/2025\/07\/DSC00814.jpg\" alt=\"\" data-image-width=\"1900\" data-image-height=\"850\">\n      <\/div>\n    <\/section>\n    <section class=\"u-clearfix u-section-7\" id=\"block-4\">\n      <div class=\"u-clearfix u-sheet u-valign-top-lg u-valign-top-sm u-sheet-1\">\n        <div class=\"u-container-style u-expanded-width-xs u-group u-palette-4-base u-group-1\">\n          <div class=\"u-container-layout u-container-layout-1\"><\/div>\n        <\/div>\n        <div class=\"u-hidden-xs u-palette-4-base u-shape u-shape-rectangle u-shape-1\"><\/div>\n        <div class=\"u-container-style u-expanded-width-xs u-group u-palette-3-base u-group-2\">\n          <div class=\"u-container-layout u-container-layout-2\">\n            <h2 class=\"u-custom-font u-font-roboto-condensed u-text u-text-palette-4-base u-text-1\">Cycle de perfectionnement<\/h2>\n            <div class=\"custom-expanded u-container-style u-group u-palette-4-base u-group-3\">\n              <div class=\"u-container-layout u-container-layout-3\">\n                <p class=\"u-text u-text-default u-text-2\"> L'entr\u00e9e en cycle de perfectionnement se fait pr\u00e8s validation du deuxi\u00e8me cycle.<\/p>\n              <\/div>\n            <\/div>\n          <\/div>\n        <\/div>\n        <p class=\"u-custom-font u-font-roboto-condensed u-text u-text-3\"> 2 choix s\u2019offrent \u00e0 l'\u00e9l\u00e8ve entrant en cycle de perfectionnement :<br>\n          <br>- La pr\u00e9paration d\u2019un cursus de troisi\u00e8me cycle avec les conservatoires de proximit\u00e9 en partenariat avec le conservatoire de Pontivy.<br>\n          <br>- Une poursuite de sa pratique musicale en cursus libre au sein du Moulin \u00e0 Sons. Les contenus p\u00e9dagogiques seront invent\u00e9s \u00e0 la carte en fonction de ses envies, de ses besoins et des comp\u00e9tences de l\u2019\u00e9quipe p\u00e9dagogique.\n        <\/p>\n        <img decoding=\"async\" class=\"u-expanded-width u-image u-image-default u-image-1\" src=\"https:\/\/moulinasons.fr\/wp-content\/uploads\/2025\/07\/6-1-_1747236244-1.jpg\" alt=\"\" data-image-width=\"1920\" data-image-height=\"1280\">\n      <\/div>\n    <\/section>\n    \n    \n    \n  \n<\/div>","protected":false},"excerpt":{"rendered":"<p>PARCOURS DE L&rsquo;\u00c9L\u00c8VE \u00c9veil m\u200busical 1 L\u2019atelier d\u2019\u00e9veil musical 1 est destin\u00e9 aux \u00e9l\u00e8ves de moyenne section maternelle. \u00c9veil musical 2 L\u2019atelier d\u2019\u00e9veil musical 2 est destin\u00e9 aux \u00e9l\u00e8ves de grande section maternelle. Objectifs &#8211; Appr\u00e9hender les notions de placement dans l\u2019espace et au sein du groupe, de plaisirli\u00e9 \u00e0 la production de mati\u00e8re sonore [&hellip;]<\/p>\n","protected":false},"author":1,"featured_media":0,"parent":0,"menu_order":0,"comment_status":"closed","ping_status":"closed","template":"","meta":{"footnotes":""},"class_list":["post-584","page","type-page","status-publish","hentry"],"yoast_head":"<!-- This site is optimized with the Yoast SEO plugin v25.4 - https:\/\/yoast.com\/wordpress\/plugins\/seo\/ -->\n<title>Parcours de l&#039;\u00e9l\u00e8ve - Le Moulin \u00c0 Sons - Loud\u00e9ac<\/title>\n<meta name=\"robots\" content=\"index, follow, max-snippet:-1, max-image-preview:large, max-video-preview:-1\" \/>\n<link rel=\"canonical\" href=\"https:\/\/moulinasons.fr\/index.php\/parcours-de-leleve\/\" \/>\n<meta property=\"og:locale\" content=\"fr_FR\" \/>\n<meta property=\"og:type\" content=\"article\" \/>\n<meta property=\"og:title\" content=\"Parcours de l&#039;\u00e9l\u00e8ve - Le Moulin \u00c0 Sons - Loud\u00e9ac\" \/>\n<meta property=\"og:description\" content=\"PARCOURS DE L&#039;\u00c9L\u00c8VE \u00c9veil m\u200busical 1 L\u2019atelier d\u2019\u00e9veil musical 1 est destin\u00e9 aux \u00e9l\u00e8ves de moyenne section maternelle. \u00c9veil musical 2 L\u2019atelier d\u2019\u00e9veil musical 2 est destin\u00e9 aux \u00e9l\u00e8ves de grande section maternelle. Objectifs - Appr\u00e9hender les notions de placement dans l\u2019espace et au sein du groupe, de plaisirli\u00e9 \u00e0 la production de mati\u00e8re sonore [&hellip;]\" \/>\n<meta property=\"og:url\" content=\"https:\/\/moulinasons.fr\/index.php\/parcours-de-leleve\/\" \/>\n<meta property=\"og:site_name\" content=\"Le Moulin \u00c0 Sons - Loud\u00e9ac\" \/>\n<meta property=\"article:publisher\" content=\"https:\/\/www.facebook.com\/p\/Le-Moulin--Sons-100095123767953\/\" \/>\n<meta property=\"article:modified_time\" content=\"2025-07-18T10:39:34+00:00\" \/>\n<meta name=\"twitter:card\" content=\"summary_large_image\" \/>\n<meta name=\"twitter:label1\" content=\"Dur\u00e9e de lecture estim\u00e9e\" \/>\n\t<meta name=\"twitter:data1\" content=\"4 minutes\" \/>\n<script type=\"application\/ld+json\" class=\"yoast-schema-graph\">{\"@context\":\"https:\/\/schema.org\",\"@graph\":[{\"@type\":\"WebPage\",\"@id\":\"https:\/\/moulinasons.fr\/index.php\/parcours-de-leleve\/\",\"url\":\"https:\/\/moulinasons.fr\/index.php\/parcours-de-leleve\/\",\"name\":\"Parcours de l'\u00e9l\u00e8ve - Le Moulin \u00c0 Sons - Loud\u00e9ac\",\"isPartOf\":{\"@id\":\"https:\/\/moulinasons.fr\/#website\"},\"datePublished\":\"2025-07-11T11:38:09+00:00\",\"dateModified\":\"2025-07-18T10:39:34+00:00\",\"breadcrumb\":{\"@id\":\"https:\/\/moulinasons.fr\/index.php\/parcours-de-leleve\/#breadcrumb\"},\"inLanguage\":\"fr-FR\",\"potentialAction\":[{\"@type\":\"ReadAction\",\"target\":[\"https:\/\/moulinasons.fr\/index.php\/parcours-de-leleve\/\"]}]},{\"@type\":\"BreadcrumbList\",\"@id\":\"https:\/\/moulinasons.fr\/index.php\/parcours-de-leleve\/#breadcrumb\",\"itemListElement\":[{\"@type\":\"ListItem\",\"position\":1,\"name\":\"Accueil\",\"item\":\"https:\/\/moulinasons.fr\/\"},{\"@type\":\"ListItem\",\"position\":2,\"name\":\"Parcours de l&rsquo;\u00e9l\u00e8ve\"}]},{\"@type\":\"WebSite\",\"@id\":\"https:\/\/moulinasons.fr\/#website\",\"url\":\"https:\/\/moulinasons.fr\/\",\"name\":\"Le Moulin \u00c0 Sons - Loud\u00e9ac\",\"description\":\"\",\"publisher\":{\"@id\":\"https:\/\/moulinasons.fr\/#organization\"},\"potentialAction\":[{\"@type\":\"SearchAction\",\"target\":{\"@type\":\"EntryPoint\",\"urlTemplate\":\"https:\/\/moulinasons.fr\/?s={search_term_string}\"},\"query-input\":{\"@type\":\"PropertyValueSpecification\",\"valueRequired\":true,\"valueName\":\"search_term_string\"}}],\"inLanguage\":\"fr-FR\"},{\"@type\":\"Organization\",\"@id\":\"https:\/\/moulinasons.fr\/#organization\",\"name\":\"Le Moulin \u00c0 Sons - Loud\u00e9ac\",\"url\":\"https:\/\/moulinasons.fr\/\",\"logo\":{\"@type\":\"ImageObject\",\"inLanguage\":\"fr-FR\",\"@id\":\"https:\/\/moulinasons.fr\/#\/schema\/logo\/image\/\",\"url\":\"https:\/\/moulinasons.fr\/wp-content\/uploads\/2025\/07\/LOGO-MAS-vertical-couleur01-698px.jpg\",\"contentUrl\":\"https:\/\/moulinasons.fr\/wp-content\/uploads\/2025\/07\/LOGO-MAS-vertical-couleur01-698px.jpg\",\"width\":349,\"height\":698,\"caption\":\"Le Moulin \u00c0 Sons - Loud\u00e9ac\"},\"image\":{\"@id\":\"https:\/\/moulinasons.fr\/#\/schema\/logo\/image\/\"},\"sameAs\":[\"https:\/\/www.facebook.com\/p\/Le-Moulin--Sons-100095123767953\/\",\"https:\/\/www.instagram.com\/moulinasons\/reel\/C3JXECpoAQS\/\"]}]}<\/script>\n<!-- \/ Yoast SEO plugin. -->","yoast_head_json":{"title":"Parcours de l'\u00e9l\u00e8ve - Le Moulin \u00c0 Sons - Loud\u00e9ac","robots":{"index":"index","follow":"follow","max-snippet":"max-snippet:-1","max-image-preview":"max-image-preview:large","max-video-preview":"max-video-preview:-1"},"canonical":"https:\/\/moulinasons.fr\/index.php\/parcours-de-leleve\/","og_locale":"fr_FR","og_type":"article","og_title":"Parcours de l'\u00e9l\u00e8ve - Le Moulin \u00c0 Sons - Loud\u00e9ac","og_description":"PARCOURS DE L'\u00c9L\u00c8VE \u00c9veil m\u200busical 1 L\u2019atelier d\u2019\u00e9veil musical 1 est destin\u00e9 aux \u00e9l\u00e8ves de moyenne section maternelle. \u00c9veil musical 2 L\u2019atelier d\u2019\u00e9veil musical 2 est destin\u00e9 aux \u00e9l\u00e8ves de grande section maternelle. Objectifs - Appr\u00e9hender les notions de placement dans l\u2019espace et au sein du groupe, de plaisirli\u00e9 \u00e0 la production de mati\u00e8re sonore [&hellip;]","og_url":"https:\/\/moulinasons.fr\/index.php\/parcours-de-leleve\/","og_site_name":"Le Moulin \u00c0 Sons - Loud\u00e9ac","article_publisher":"https:\/\/www.facebook.com\/p\/Le-Moulin--Sons-100095123767953\/","article_modified_time":"2025-07-18T10:39:34+00:00","twitter_card":"summary_large_image","twitter_misc":{"Dur\u00e9e de lecture estim\u00e9e":"4 minutes"},"schema":{"@context":"https:\/\/schema.org","@graph":[{"@type":"WebPage","@id":"https:\/\/moulinasons.fr\/index.php\/parcours-de-leleve\/","url":"https:\/\/moulinasons.fr\/index.php\/parcours-de-leleve\/","name":"Parcours de l'\u00e9l\u00e8ve - Le Moulin \u00c0 Sons - Loud\u00e9ac","isPartOf":{"@id":"https:\/\/moulinasons.fr\/#website"},"datePublished":"2025-07-11T11:38:09+00:00","dateModified":"2025-07-18T10:39:34+00:00","breadcrumb":{"@id":"https:\/\/moulinasons.fr\/index.php\/parcours-de-leleve\/#breadcrumb"},"inLanguage":"fr-FR","potentialAction":[{"@type":"ReadAction","target":["https:\/\/moulinasons.fr\/index.php\/parcours-de-leleve\/"]}]},{"@type":"BreadcrumbList","@id":"https:\/\/moulinasons.fr\/index.php\/parcours-de-leleve\/#breadcrumb","itemListElement":[{"@type":"ListItem","position":1,"name":"Accueil","item":"https:\/\/moulinasons.fr\/"},{"@type":"ListItem","position":2,"name":"Parcours de l&rsquo;\u00e9l\u00e8ve"}]},{"@type":"WebSite","@id":"https:\/\/moulinasons.fr\/#website","url":"https:\/\/moulinasons.fr\/","name":"Le Moulin \u00c0 Sons - Loud\u00e9ac","description":"","publisher":{"@id":"https:\/\/moulinasons.fr\/#organization"},"potentialAction":[{"@type":"SearchAction","target":{"@type":"EntryPoint","urlTemplate":"https:\/\/moulinasons.fr\/?s={search_term_string}"},"query-input":{"@type":"PropertyValueSpecification","valueRequired":true,"valueName":"search_term_string"}}],"inLanguage":"fr-FR"},{"@type":"Organization","@id":"https:\/\/moulinasons.fr\/#organization","name":"Le Moulin \u00c0 Sons - Loud\u00e9ac","url":"https:\/\/moulinasons.fr\/","logo":{"@type":"ImageObject","inLanguage":"fr-FR","@id":"https:\/\/moulinasons.fr\/#\/schema\/logo\/image\/","url":"https:\/\/moulinasons.fr\/wp-content\/uploads\/2025\/07\/LOGO-MAS-vertical-couleur01-698px.jpg","contentUrl":"https:\/\/moulinasons.fr\/wp-content\/uploads\/2025\/07\/LOGO-MAS-vertical-couleur01-698px.jpg","width":349,"height":698,"caption":"Le Moulin \u00c0 Sons - Loud\u00e9ac"},"image":{"@id":"https:\/\/moulinasons.fr\/#\/schema\/logo\/image\/"},"sameAs":["https:\/\/www.facebook.com\/p\/Le-Moulin--Sons-100095123767953\/","https:\/\/www.instagram.com\/moulinasons\/reel\/C3JXECpoAQS\/"]}]}},"_links":{"self":[{"href":"https:\/\/moulinasons.fr\/index.php\/wp-json\/wp\/v2\/pages\/584","targetHints":{"allow":["GET"]}}],"collection":[{"href":"https:\/\/moulinasons.fr\/index.php\/wp-json\/wp\/v2\/pages"}],"about":[{"href":"https:\/\/moulinasons.fr\/index.php\/wp-json\/wp\/v2\/types\/page"}],"author":[{"embeddable":true,"href":"https:\/\/moulinasons.fr\/index.php\/wp-json\/wp\/v2\/users\/1"}],"replies":[{"embeddable":true,"href":"https:\/\/moulinasons.fr\/index.php\/wp-json\/wp\/v2\/comments?post=584"}],"version-history":[{"count":19,"href":"https:\/\/moulinasons.fr\/index.php\/wp-json\/wp\/v2\/pages\/584\/revisions"}],"predecessor-version":[{"id":1008,"href":"https:\/\/moulinasons.fr\/index.php\/wp-json\/wp\/v2\/pages\/584\/revisions\/1008"}],"wp:attachment":[{"href":"https:\/\/moulinasons.fr\/index.php\/wp-json\/wp\/v2\/media?parent=584"}],"curies":[{"name":"wp","href":"https:\/\/api.w.org\/{rel}","templated":true}]}}