{"id":66,"date":"2025-06-27T11:44:25","date_gmt":"2025-06-27T09:44:25","guid":{"rendered":"https:\/\/moulinasons.fr\/?page_id=66"},"modified":"2025-07-10T10:53:37","modified_gmt":"2025-07-10T08:53:37","slug":"page-2","status":"publish","type":"page","link":"https:\/\/moulinasons.fr\/index.php\/page-2\/","title":{"rendered":"Maintenance"},"content":{"rendered":"<div class=\"\" style=\"\" >\n    \n    <section class=\"u-clearfix u-section-2\" id=\"block-2\">\n      <div class=\"u-clearfix u-sheet u-valign-middle u-sheet-1\">\n        <div class=\"fr-view u-clearfix u-rich-text u-text u-text-1\">\n          <h1 style=\"text-align: center;\"><span style=\"font-size: 2.25rem; font-weight: 700;\">Le site du Moulin \u00c0 Sons est temporairement indisponible<\/span>\n          <\/h1>\n          <p style=\"text-align: center;\">Vous pouvez nous contacter :<\/p>\n          <p style=\"text-align: center;\">par mail en utilisant le formulaire ci-dessous<\/p>\n          <p style=\"text-align: center;\">par t\u00e9l\u00e9phone au 02 96 28 35 49<\/p>\n          <p style=\"text-align: center;\">par nos r\u00e9seaux sociaux en cliquant sur les ic\u00f4nes en bas de cette page.<\/p>\n        <\/div>\n      <\/div>\n    <\/section>\n    <section class=\"u-clearfix u-palette-3-base u-valign-middle-lg u-valign-middle-md u-valign-middle-sm u-valign-middle-xs u-section-3\" id=\"sec-5740\">\n      <div class=\"u-expanded-width u-palette-4-base u-shape u-shape-rectangle u-shape-1\"><\/div>\n      <div class=\"u-border-2 u-border-white u-container-align-center u-container-style u-group u-preserve-proportions u-white u-group-1\">\n        <div class=\"u-container-layout u-valign-middle u-container-layout-1\">\n          <h1 class=\"u-align-center u-text u-text-default u-text-1\"> Nous contacter<span style=\"font-weight: 700;\"><\/span>\n          <\/h1>\n          <div class=\"u-shortcode u-shortcode-1\"><div class=\"wpforms-container wpforms-container-full wpforms-render-modern\" id=\"wpforms-86\"><form id=\"wpforms-form-86\" class=\"wpforms-validate wpforms-form wpforms-ajax-form\" data-formid=\"86\" method=\"post\" enctype=\"multipart\/form-data\" action=\"\/index.php\/wp-json\/wp\/v2\/pages\/66\" data-token=\"6c883cbb99b389a11dd6b0562b66bc26\" data-token-time=\"1777552452\"><noscript class=\"wpforms-error-noscript\">Veuillez activer JavaScript dans votre navigateur pour remplir ce formulaire.<\/noscript><div class=\"wpforms-hidden\" id=\"wpforms-error-noscript\">Veuillez activer JavaScript dans votre navigateur pour remplir ce formulaire.<\/div><div class=\"wpforms-field-container\"><div id=\"wpforms-86-field_1-container\" class=\"wpforms-field wpforms-field-name\" data-field-id=\"1\"><fieldset><legend class=\"wpforms-field-label\">Nom <span class=\"wpforms-required-label\" aria-hidden=\"true\">*<\/span><\/legend><div class=\"wpforms-field-row wpforms-field-medium\"><div class=\"wpforms-field-row-block wpforms-first wpforms-one-half\"><input type=\"text\" id=\"wpforms-86-field_1\" class=\"wpforms-field-name-first wpforms-field-required\" name=\"wpforms[fields][1][first]\" aria-errormessage=\"wpforms-86-field_1-error\" required><label for=\"wpforms-86-field_1\" class=\"wpforms-field-sublabel after\">Pr\u00e9nom<\/label><\/div><div class=\"wpforms-field-row-block wpforms-one-half\"><input type=\"text\" id=\"wpforms-86-field_1-last\" class=\"wpforms-field-name-last wpforms-field-required\" name=\"wpforms[fields][1][last]\" aria-errormessage=\"wpforms-86-field_1-last-error\" required><label for=\"wpforms-86-field_1-last\" class=\"wpforms-field-sublabel after\">Nom<\/label><\/div><\/div><\/fieldset><\/div><div id=\"wpforms-86-field_2-container\" class=\"wpforms-field wpforms-field-email\" data-field-id=\"2\"><label class=\"wpforms-field-label\" for=\"wpforms-86-field_2\">E-mail <span class=\"wpforms-required-label\" aria-hidden=\"true\">*<\/span><\/label><input type=\"email\" id=\"wpforms-86-field_2\" class=\"wpforms-field-medium wpforms-field-required\" name=\"wpforms[fields][2]\" spellcheck=\"false\" aria-errormessage=\"wpforms-86-field_2-error\" required><\/div>\t\t<div id=\"wpforms-86-field_4-container\"\n\t\t\tclass=\"wpforms-field wpforms-field-text\"\n\t\t\tdata-field-type=\"text\"\n\t\t\tdata-field-id=\"4\"\n\t\t\t>\n\t\t\t<label class=\"wpforms-field-label\" for=\"wpforms-86-field_4\" >E-mail Nom message<\/label>\n\t\t\t<input type=\"text\" id=\"wpforms-86-field_4\" class=\"wpforms-field-medium\" name=\"wpforms[fields][4]\" >\n\t\t<\/div>\n\t\t<div id=\"wpforms-86-field_3-container\" class=\"wpforms-field wpforms-field-textarea\" data-field-id=\"3\"><label class=\"wpforms-field-label\" for=\"wpforms-86-field_3\">Commentaire ou message<\/label><textarea id=\"wpforms-86-field_3\" class=\"wpforms-field-medium\" name=\"wpforms[fields][3]\" aria-errormessage=\"wpforms-86-field_3-error\" ><\/textarea><\/div><script>\n\t\t\t\t( function() {\n\t\t\t\t\tconst style = document.createElement( 'style' );\n\t\t\t\t\tstyle.appendChild( document.createTextNode( '#wpforms-86-field_4-container { position: absolute !important; overflow: hidden !important; display: inline !important; height: 1px !important; width: 1px !important; z-index: -1000 !important; padding: 0 !important; } #wpforms-86-field_4-container input { visibility: hidden; } #wpforms-conversational-form-page #wpforms-86-field_4-container label { counter-increment: none; }' ) );\n\t\t\t\t\tdocument.head.appendChild( style );\n\t\t\t\t\tdocument.currentScript?.remove();\n\t\t\t\t} )();\n\t\t\t<\/script><\/div><!-- .wpforms-field-container --><div class=\"wpforms-recaptcha-container wpforms-is-recaptcha wpforms-is-recaptcha-type-v2\" ><div class=\"g-recaptcha\" data-sitekey=\"6LdEX3IrAAAAAPjhpHnWzROiECt6EboPgVlcC_PE\"><\/div><input type=\"text\" name=\"g-recaptcha-hidden\" class=\"wpforms-recaptcha-hidden\" style=\"position:absolute!important;clip:rect(0,0,0,0)!important;height:1px!important;width:1px!important;border:0!important;overflow:hidden!important;padding:0!important;margin:0!important;\" data-rule-recaptcha=\"1\"><\/div><div class=\"wpforms-submit-container\" ><input type=\"hidden\" name=\"wpforms[id]\" value=\"86\"><input type=\"hidden\" name=\"page_title\" value=\"\"><input type=\"hidden\" name=\"page_url\" value=\"https:\/\/moulinasons.fr\/index.php\/wp-json\/wp\/v2\/pages\/66\"><input type=\"hidden\" name=\"url_referer\" value=\"\"><button type=\"submit\" name=\"wpforms[submit]\" id=\"wpforms-submit-86\" class=\"wpforms-submit\" data-alt-text=\"Envoi...\" data-submit-text=\"Envoyer\" aria-live=\"assertive\" value=\"wpforms-submit\">Envoyer<\/button><img loading=\"lazy\" decoding=\"async\" src=\"https:\/\/moulinasons.fr\/wp-content\/plugins\/wpforms-lite\/assets\/images\/submit-spin.svg\" class=\"wpforms-submit-spinner\" style=\"display: none;\" width=\"26\" height=\"26\" alt=\"Chargement en cours\"><\/div><\/form><\/div>  <!-- .wpforms-container --><\/div>\n        <\/div>\n      <\/div>\n      <div class=\"u-list u-list-1\">\n        <div class=\"u-repeater u-repeater-1\">\n          <div class=\"u-container-style u-list-item u-palette-1-light-3 u-repeater-item u-list-item-1\">\n            <div class=\"u-container-layout u-similar-container u-container-layout-2\"><span class=\"u-icon u-icon-circle u-text-palette-1-base u-icon-1\"><svg class=\"u-svg-link\" preserveAspectRatio=\"xMidYMin slice\" viewBox=\"0 0 513.64 513.64\" style=\"\"><use xlink:href=\"#svg-1878\"><\/use><\/svg><svg class=\"u-svg-content\" viewBox=\"0 0 513.64 513.64\" x=\"0px\" y=\"0px\" id=\"svg-1878\" style=\"enable-background:new 0 0 513.64 513.64;\"><g><g><path d=\"M499.66,376.96l-71.68-71.68c-25.6-25.6-69.12-15.359-79.36,17.92c-7.68,23.041-33.28,35.841-56.32,30.72    c-51.2-12.8-120.32-79.36-133.12-133.12c-7.68-23.041,7.68-48.641,30.72-56.32c33.28-10.24,43.52-53.76,17.92-79.36l-71.68-71.68    c-20.48-17.92-51.2-17.92-69.12,0l-48.64,48.64c-48.64,51.2,5.12,186.88,125.44,307.2c120.32,120.32,256,176.641,307.2,125.44    l48.64-48.64C517.581,425.6,517.581,394.88,499.66,376.96z\"><\/path>\n<\/g>\n<\/g><\/svg><\/span>\n              <h5 class=\"u-text u-text-palette-1-base u-text-2\"><span style=\"font-size: 1.125rem;\" class=\"u-text-palette-4-base\">Appelez-nous<\/span>\n              <\/h5>\n              <p class=\"u-align-center u-text u-text-3\">+33 2 96 28 35 49<\/p>\n            <\/div>\n          <\/div>\n          <div class=\"u-container-style u-list-item u-palette-1-light-3 u-repeater-item u-list-item-2\">\n            <div class=\"u-container-layout u-similar-container u-container-layout-3\"><span class=\"u-icon u-icon-circle u-text-palette-1-base u-icon-2\"><svg class=\"u-svg-link\" preserveAspectRatio=\"xMidYMin slice\" viewBox=\"0 0 512 512\" style=\"\"><use xlink:href=\"#svg-7b3d\"><\/use><\/svg><svg class=\"u-svg-content\" viewBox=\"0 0 512 512\" x=\"0px\" y=\"0px\" id=\"svg-7b3d\" style=\"enable-background:new 0 0 512 512;\"><g><g><path d=\"M256,0C161.896,0,85.333,76.563,85.333,170.667c0,28.25,7.063,56.26,20.49,81.104L246.667,506.5    c1.875,3.396,5.448,5.5,9.333,5.5s7.458-2.104,9.333-5.5l140.896-254.813c13.375-24.76,20.438-52.771,20.438-81.021    C426.667,76.563,350.104,0,256,0z M256,256c-47.052,0-85.333-38.281-85.333-85.333c0-47.052,38.281-85.333,85.333-85.333    s85.333,38.281,85.333,85.333C341.333,217.719,303.052,256,256,256z\"><\/path>\n<\/g>\n<\/g><\/svg><\/span>\n              <h5 class=\"u-text u-text-palette-1-base u-text-4\"><span style=\"font-size: 1.125rem;\" class=\"u-text-palette-4-base\">Adresse <\/span>\n              <\/h5>\n              <p class=\"u-align-center u-text u-text-5\">17 All\u00e9e du Champ de Foire<br>22600 Loud\u00e9ac \n              <\/p>\n            <\/div>\n          <\/div>\n        <\/div>\n      <\/div>\n    <\/section>\n    <section class=\"u-clearfix u-palette-3-base u-section-4\" id=\"block-3\">\n      <div class=\"u-clearfix u-sheet u-sheet-1\">\n        <div class=\"u-list u-list-1\">\n          <div class=\"u-repeater u-repeater-1\">\n            <div class=\"u-container-style u-list-item u-palette-1-light-3 u-repeater-item u-list-item-1\">\n              <div class=\"u-container-layout u-similar-container u-container-layout-1\"><span class=\"u-icon u-icon-circle u-text-palette-1-base u-icon-1\"><svg class=\"u-svg-link\" preserveAspectRatio=\"xMidYMin slice\" viewBox=\"0 0 513.64 513.64\" style=\"\"><use xlink:href=\"#svg-2b08\"><\/use><\/svg><svg class=\"u-svg-content\" viewBox=\"0 0 513.64 513.64\" x=\"0px\" y=\"0px\" id=\"svg-2b08\" style=\"enable-background:new 0 0 513.64 513.64;\"><g><g><path d=\"M499.66,376.96l-71.68-71.68c-25.6-25.6-69.12-15.359-79.36,17.92c-7.68,23.041-33.28,35.841-56.32,30.72    c-51.2-12.8-120.32-79.36-133.12-133.12c-7.68-23.041,7.68-48.641,30.72-56.32c33.28-10.24,43.52-53.76,17.92-79.36l-71.68-71.68    c-20.48-17.92-51.2-17.92-69.12,0l-48.64,48.64c-48.64,51.2,5.12,186.88,125.44,307.2c120.32,120.32,256,176.641,307.2,125.44    l48.64-48.64C517.581,425.6,517.581,394.88,499.66,376.96z\"><\/path>\n<\/g>\n<\/g><\/svg><\/span>\n                <h5 class=\"u-align-center u-text u-text-palette-1-base u-text-1\"><span class=\"u-text-palette-4-base\" style=\"font-size: 1.125rem;\">Horaires d'ouverture<\/span>\n                <\/h5>\n                <p class=\"u-align-center u-text u-text-2\"><span style=\"font-size: 1.25rem;\">Les mardi mercredi et vendredi : de 09h00 \u00e0 12h30&nbsp; et de 13h30 \u00e0 19h00 <br><\/span><span style=\"font-size: 1.25rem;\">Le jeudi&nbsp; de 09h00 \u00e0 12h30 et de 13h30 \u00e0 18h00<br>Le samedi de 09h00 \u00e0 12h00<\/span><span style=\"font-size: 1.25rem;\">\n                    <br>\n                    <br><span style=\"font-weight: 700;\">Fermeture estivale du 19 juillet au  24 ao\u00fbt<\/span><\/span>\n                <\/p>\n              <\/div>\n            <\/div>\n          <\/div>\n        <\/div>\n      <\/div>\n    <\/section>\n    <section class=\"u-clearfix u-section-5\" id=\"block-1\">\n      <div class=\"u-clearfix u-sheet u-valign-middle-lg u-valign-middle-md u-valign-middle-sm u-valign-middle-xs u-sheet-1\">\n        <img decoding=\"async\" class=\"u-align-center u-image u-image-contain u-image-default u-image-1\" src=\"https:\/\/moulinasons.fr\/wp-content\/uploads\/2025\/06\/maintenance.png\" alt=\"\" data-image-width=\"583\" data-image-height=\"291\">\n      <\/div>\n    <\/section>\n    \n    \n    \n  \n<\/div>","protected":false},"excerpt":{"rendered":"<p>Le site du Moulin \u00c0 Sons est temporairement indisponible Vous pouvez nous contacter : par mail en utilisant le formulaire ci-dessous par t\u00e9l\u00e9phone au 02 96 28 35 49 par nos r\u00e9seaux sociaux en cliquant sur les ic\u00f4nes en bas de cette page. Nous contacter Veuillez activer JavaScript dans votre navigateur pour remplir ce formulaire.Veuillez [&hellip;]<\/p>\n","protected":false},"author":1,"featured_media":0,"parent":0,"menu_order":0,"comment_status":"closed","ping_status":"closed","template":"","meta":{"footnotes":""},"class_list":["post-66","page","type-page","status-publish","hentry"],"yoast_head":"<!-- This site is optimized with the Yoast SEO plugin v25.4 - https:\/\/yoast.com\/wordpress\/plugins\/seo\/ -->\n<title>Maintenance - Le Moulin \u00c0 Sons - Loud\u00e9ac<\/title>\n<meta name=\"robots\" content=\"index, follow, max-snippet:-1, max-image-preview:large, max-video-preview:-1\" \/>\n<link rel=\"canonical\" href=\"https:\/\/moulinasons.fr\/index.php\/page-2\/\" \/>\n<meta property=\"og:locale\" content=\"fr_FR\" \/>\n<meta property=\"og:type\" content=\"article\" \/>\n<meta property=\"og:title\" content=\"Maintenance - Le Moulin \u00c0 Sons - Loud\u00e9ac\" \/>\n<meta property=\"og:description\" content=\"Le site du Moulin \u00c0 Sons est temporairement indisponible Vous pouvez nous contacter : par mail en utilisant le formulaire ci-dessous par t\u00e9l\u00e9phone au 02 96 28 35 49 par nos r\u00e9seaux sociaux en cliquant sur les ic\u00f4nes en bas de cette page. Nous contacter Veuillez activer JavaScript dans votre navigateur pour remplir ce formulaire.Veuillez [&hellip;]\" \/>\n<meta property=\"og:url\" content=\"https:\/\/moulinasons.fr\/index.php\/page-2\/\" \/>\n<meta property=\"og:site_name\" content=\"Le Moulin \u00c0 Sons - Loud\u00e9ac\" \/>\n<meta property=\"article:publisher\" content=\"https:\/\/www.facebook.com\/p\/Le-Moulin--Sons-100095123767953\/\" \/>\n<meta property=\"article:modified_time\" content=\"2025-07-10T08:53:37+00:00\" \/>\n<meta name=\"twitter:card\" content=\"summary_large_image\" \/>\n<script type=\"application\/ld+json\" class=\"yoast-schema-graph\">{\"@context\":\"https:\/\/schema.org\",\"@graph\":[{\"@type\":\"WebPage\",\"@id\":\"https:\/\/moulinasons.fr\/index.php\/page-2\/\",\"url\":\"https:\/\/moulinasons.fr\/index.php\/page-2\/\",\"name\":\"Maintenance - Le Moulin \u00c0 Sons - Loud\u00e9ac\",\"isPartOf\":{\"@id\":\"https:\/\/moulinasons.fr\/#website\"},\"datePublished\":\"2025-06-27T09:44:25+00:00\",\"dateModified\":\"2025-07-10T08:53:37+00:00\",\"breadcrumb\":{\"@id\":\"https:\/\/moulinasons.fr\/index.php\/page-2\/#breadcrumb\"},\"inLanguage\":\"fr-FR\",\"potentialAction\":[{\"@type\":\"ReadAction\",\"target\":[\"https:\/\/moulinasons.fr\/index.php\/page-2\/\"]}]},{\"@type\":\"BreadcrumbList\",\"@id\":\"https:\/\/moulinasons.fr\/index.php\/page-2\/#breadcrumb\",\"itemListElement\":[{\"@type\":\"ListItem\",\"position\":1,\"name\":\"Accueil\",\"item\":\"https:\/\/moulinasons.fr\/\"},{\"@type\":\"ListItem\",\"position\":2,\"name\":\"Maintenance\"}]},{\"@type\":\"WebSite\",\"@id\":\"https:\/\/moulinasons.fr\/#website\",\"url\":\"https:\/\/moulinasons.fr\/\",\"name\":\"Le Moulin \u00c0 Sons - Loud\u00e9ac\",\"description\":\"\",\"publisher\":{\"@id\":\"https:\/\/moulinasons.fr\/#organization\"},\"potentialAction\":[{\"@type\":\"SearchAction\",\"target\":{\"@type\":\"EntryPoint\",\"urlTemplate\":\"https:\/\/moulinasons.fr\/?s={search_term_string}\"},\"query-input\":{\"@type\":\"PropertyValueSpecification\",\"valueRequired\":true,\"valueName\":\"search_term_string\"}}],\"inLanguage\":\"fr-FR\"},{\"@type\":\"Organization\",\"@id\":\"https:\/\/moulinasons.fr\/#organization\",\"name\":\"Le Moulin \u00c0 Sons - Loud\u00e9ac\",\"url\":\"https:\/\/moulinasons.fr\/\",\"logo\":{\"@type\":\"ImageObject\",\"inLanguage\":\"fr-FR\",\"@id\":\"https:\/\/moulinasons.fr\/#\/schema\/logo\/image\/\",\"url\":\"https:\/\/moulinasons.fr\/wp-content\/uploads\/2025\/07\/LOGO-MAS-vertical-couleur01-698px.jpg\",\"contentUrl\":\"https:\/\/moulinasons.fr\/wp-content\/uploads\/2025\/07\/LOGO-MAS-vertical-couleur01-698px.jpg\",\"width\":349,\"height\":698,\"caption\":\"Le Moulin \u00c0 Sons - Loud\u00e9ac\"},\"image\":{\"@id\":\"https:\/\/moulinasons.fr\/#\/schema\/logo\/image\/\"},\"sameAs\":[\"https:\/\/www.facebook.com\/p\/Le-Moulin--Sons-100095123767953\/\",\"https:\/\/www.instagram.com\/moulinasons\/reel\/C3JXECpoAQS\/\"]}]}<\/script>\n<!-- \/ Yoast SEO plugin. -->","yoast_head_json":{"title":"Maintenance - Le Moulin \u00c0 Sons - Loud\u00e9ac","robots":{"index":"index","follow":"follow","max-snippet":"max-snippet:-1","max-image-preview":"max-image-preview:large","max-video-preview":"max-video-preview:-1"},"canonical":"https:\/\/moulinasons.fr\/index.php\/page-2\/","og_locale":"fr_FR","og_type":"article","og_title":"Maintenance - Le Moulin \u00c0 Sons - Loud\u00e9ac","og_description":"Le site du Moulin \u00c0 Sons est temporairement indisponible Vous pouvez nous contacter : par mail en utilisant le formulaire ci-dessous par t\u00e9l\u00e9phone au 02 96 28 35 49 par nos r\u00e9seaux sociaux en cliquant sur les ic\u00f4nes en bas de cette page. Nous contacter Veuillez activer JavaScript dans votre navigateur pour remplir ce formulaire.Veuillez [&hellip;]","og_url":"https:\/\/moulinasons.fr\/index.php\/page-2\/","og_site_name":"Le Moulin \u00c0 Sons - Loud\u00e9ac","article_publisher":"https:\/\/www.facebook.com\/p\/Le-Moulin--Sons-100095123767953\/","article_modified_time":"2025-07-10T08:53:37+00:00","twitter_card":"summary_large_image","schema":{"@context":"https:\/\/schema.org","@graph":[{"@type":"WebPage","@id":"https:\/\/moulinasons.fr\/index.php\/page-2\/","url":"https:\/\/moulinasons.fr\/index.php\/page-2\/","name":"Maintenance - Le Moulin \u00c0 Sons - Loud\u00e9ac","isPartOf":{"@id":"https:\/\/moulinasons.fr\/#website"},"datePublished":"2025-06-27T09:44:25+00:00","dateModified":"2025-07-10T08:53:37+00:00","breadcrumb":{"@id":"https:\/\/moulinasons.fr\/index.php\/page-2\/#breadcrumb"},"inLanguage":"fr-FR","potentialAction":[{"@type":"ReadAction","target":["https:\/\/moulinasons.fr\/index.php\/page-2\/"]}]},{"@type":"BreadcrumbList","@id":"https:\/\/moulinasons.fr\/index.php\/page-2\/#breadcrumb","itemListElement":[{"@type":"ListItem","position":1,"name":"Accueil","item":"https:\/\/moulinasons.fr\/"},{"@type":"ListItem","position":2,"name":"Maintenance"}]},{"@type":"WebSite","@id":"https:\/\/moulinasons.fr\/#website","url":"https:\/\/moulinasons.fr\/","name":"Le Moulin \u00c0 Sons - Loud\u00e9ac","description":"","publisher":{"@id":"https:\/\/moulinasons.fr\/#organization"},"potentialAction":[{"@type":"SearchAction","target":{"@type":"EntryPoint","urlTemplate":"https:\/\/moulinasons.fr\/?s={search_term_string}"},"query-input":{"@type":"PropertyValueSpecification","valueRequired":true,"valueName":"search_term_string"}}],"inLanguage":"fr-FR"},{"@type":"Organization","@id":"https:\/\/moulinasons.fr\/#organization","name":"Le Moulin \u00c0 Sons - Loud\u00e9ac","url":"https:\/\/moulinasons.fr\/","logo":{"@type":"ImageObject","inLanguage":"fr-FR","@id":"https:\/\/moulinasons.fr\/#\/schema\/logo\/image\/","url":"https:\/\/moulinasons.fr\/wp-content\/uploads\/2025\/07\/LOGO-MAS-vertical-couleur01-698px.jpg","contentUrl":"https:\/\/moulinasons.fr\/wp-content\/uploads\/2025\/07\/LOGO-MAS-vertical-couleur01-698px.jpg","width":349,"height":698,"caption":"Le Moulin \u00c0 Sons - Loud\u00e9ac"},"image":{"@id":"https:\/\/moulinasons.fr\/#\/schema\/logo\/image\/"},"sameAs":["https:\/\/www.facebook.com\/p\/Le-Moulin--Sons-100095123767953\/","https:\/\/www.instagram.com\/moulinasons\/reel\/C3JXECpoAQS\/"]}]}},"_links":{"self":[{"href":"https:\/\/moulinasons.fr\/index.php\/wp-json\/wp\/v2\/pages\/66","targetHints":{"allow":["GET"]}}],"collection":[{"href":"https:\/\/moulinasons.fr\/index.php\/wp-json\/wp\/v2\/pages"}],"about":[{"href":"https:\/\/moulinasons.fr\/index.php\/wp-json\/wp\/v2\/types\/page"}],"author":[{"embeddable":true,"href":"https:\/\/moulinasons.fr\/index.php\/wp-json\/wp\/v2\/users\/1"}],"replies":[{"embeddable":true,"href":"https:\/\/moulinasons.fr\/index.php\/wp-json\/wp\/v2\/comments?post=66"}],"version-history":[{"count":8,"href":"https:\/\/moulinasons.fr\/index.php\/wp-json\/wp\/v2\/pages\/66\/revisions"}],"predecessor-version":[{"id":643,"href":"https:\/\/moulinasons.fr\/index.php\/wp-json\/wp\/v2\/pages\/66\/revisions\/643"}],"wp:attachment":[{"href":"https:\/\/moulinasons.fr\/index.php\/wp-json\/wp\/v2\/media?parent=66"}],"curies":[{"name":"wp","href":"https:\/\/api.w.org\/{rel}","templated":true}]}}